{"id":4705,"date":"2022-05-04T20:04:30","date_gmt":"2022-05-04T20:04:30","guid":{"rendered":"https:\/\/marbellafamily.es\/personal-family-supporter\/"},"modified":"2022-12-20T17:42:07","modified_gmt":"2022-12-20T17:42:07","slug":"personal-family-supporter","status":"publish","type":"page","link":"https:\/\/marbellafamily.es\/pl\/personal-family-supporter\/","title":{"rendered":"Personal Family Supporter"},"content":{"rendered":"\t\t<div data-elementor-type=\"wp-page\" data-elementor-id=\"4705\" class=\"elementor elementor-4705 elementor-3729\" data-elementor-post-type=\"page\">\n\t\t\t\t\t\t<section class=\"elementor-section elementor-top-section elementor-element elementor-element-bcf7388 elementor-section-boxed elementor-section-height-default elementor-section-height-default\" data-id=\"bcf7388\" data-element_type=\"section\" data-e-type=\"section\">\n\t\t\t\t\t\t<div class=\"elementor-container elementor-column-gap-default\">\n\t\t\t\t\t<div class=\"elementor-column elementor-col-100 elementor-top-column elementor-element elementor-element-ab9b207\" data-id=\"ab9b207\" data-element_type=\"column\" data-e-type=\"column\">\n\t\t\t<div class=\"elementor-widget-wrap elementor-element-populated\">\n\t\t\t\t\t\t<div class=\"elementor-element elementor-element-61c8401 elementor-widget elementor-widget-text-editor\" data-id=\"61c8401\" data-element_type=\"widget\" data-e-type=\"widget\" data-widget_type=\"text-editor.default\">\n\t\t\t\t<div class=\"elementor-widget-container\">\n\t\t\t\t\t\t\t\t\t<p>\u00bfEst\u00e1s pensando en mudarte a La Costa del Sol?, \u00bfdisfrutar de tus vacaciones en Marbella y no conoces nada?\u00a0<\/p><p>\u00a1cuenta con nosotras para hacer de tu experiencia un \u00e9xito!<\/p>\t\t\t\t\t\t\t\t<\/div>\n\t\t\t\t<\/div>\n\t\t\t\t<div class=\"elementor-element elementor-element-bf5bfc5 elementor-widget-divider--view-line elementor-widget elementor-widget-divider\" data-id=\"bf5bfc5\" data-element_type=\"widget\" data-e-type=\"widget\" data-widget_type=\"divider.default\">\n\t\t\t\t<div class=\"elementor-widget-container\">\n\t\t\t\t\t\t\t<div class=\"elementor-divider\">\n\t\t\t<span class=\"elementor-divider-separator\">\n\t\t\t\t\t\t<\/span>\n\t\t<\/div>\n\t\t\t\t\t\t<\/div>\n\t\t\t\t<\/div>\n\t\t\t\t\t<\/div>\n\t\t<\/div>\n\t\t\t\t\t<\/div>\n\t\t<\/section>\n\t\t\t\t<section class=\"elementor-section elementor-top-section elementor-element elementor-element-91233bc elementor-section-boxed elementor-section-height-default elementor-section-height-default\" data-id=\"91233bc\" data-element_type=\"section\" data-e-type=\"section\">\n\t\t\t\t\t\t<div class=\"elementor-container elementor-column-gap-default\">\n\t\t\t\t\t<div class=\"elementor-column elementor-col-50 elementor-top-column elementor-element elementor-element-c7a4ad9\" data-id=\"c7a4ad9\" data-element_type=\"column\" data-e-type=\"column\">\n\t\t\t<div class=\"elementor-widget-wrap elementor-element-populated\">\n\t\t\t\t\t\t<div class=\"elementor-element elementor-element-270efd1 elementor-widget elementor-widget-image\" data-id=\"270efd1\" data-element_type=\"widget\" data-e-type=\"widget\" data-widget_type=\"image.default\">\n\t\t\t\t<div class=\"elementor-widget-container\">\n\t\t\t\t\t\t\t\t\t\t\t\t\t\t\t<img fetchpriority=\"high\" decoding=\"async\" width=\"923\" height=\"738\" src=\"https:\/\/marbellafamily.es\/wp-content\/uploads\/2022\/05\/apartado-de-Personal-Family-II-1024x819.png\" class=\"attachment-large size-large wp-image-4744\" alt=\"\" srcset=\"https:\/\/marbellafamily.es\/wp-content\/uploads\/2022\/05\/apartado-de-Personal-Family-II-1024x819.png 1024w, https:\/\/marbellafamily.es\/wp-content\/uploads\/2022\/05\/apartado-de-Personal-Family-II-300x240.png 300w, https:\/\/marbellafamily.es\/wp-content\/uploads\/2022\/05\/apartado-de-Personal-Family-II-768x614.png 768w, https:\/\/marbellafamily.es\/wp-content\/uploads\/2022\/05\/apartado-de-Personal-Family-II-1536x1229.png 1536w, https:\/\/marbellafamily.es\/wp-content\/uploads\/2022\/05\/apartado-de-Personal-Family-II.png 2000w\" sizes=\"(max-width: 923px) 100vw, 923px\" \/>\t\t\t\t\t\t\t\t\t\t\t\t\t\t\t<\/div>\n\t\t\t\t<\/div>\n\t\t\t\t\t<\/div>\n\t\t<\/div>\n\t\t\t\t<div class=\"elementor-column elementor-col-50 elementor-top-column elementor-element elementor-element-a2168de\" data-id=\"a2168de\" data-element_type=\"column\" data-e-type=\"column\">\n\t\t\t<div class=\"elementor-widget-wrap elementor-element-populated\">\n\t\t\t\t\t\t<div class=\"elementor-element elementor-element-6838f38 elementor-widget elementor-widget-text-editor\" data-id=\"6838f38\" data-element_type=\"widget\" data-e-type=\"widget\" data-widget_type=\"text-editor.default\">\n\t\t\t\t<div class=\"elementor-widget-container\">\n\t\t\t\t\t\t\t\t\t<p data-pm-slice=\"1 1 []\">A trav\u00e9s de la experiencia con diferentes familias que contactaron con nosotros desde sus pa\u00edses de origen buscando Personal del Hogar para su llegada a Marbella, ya sea por vacaciones o cambio de residencia, aprendimos cuales son los servicios que m\u00e1s necesitan durante su nueva etapa y en qu\u00e9 podemos apoyarles, lo que nos ha preparado para asesorar en cada paso a todas las familias asentadas en Marbella.<\/p>\t\t\t\t\t\t\t\t<\/div>\n\t\t\t\t<\/div>\n\t\t\t\t\t<\/div>\n\t\t<\/div>\n\t\t\t\t\t<\/div>\n\t\t<\/section>\n\t\t\t\t<section class=\"elementor-section elementor-top-section elementor-element elementor-element-60b3f25 elementor-section-boxed elementor-section-height-default elementor-section-height-default\" data-id=\"60b3f25\" data-element_type=\"section\" data-e-type=\"section\">\n\t\t\t\t\t\t<div class=\"elementor-container elementor-column-gap-default\">\n\t\t\t\t\t<div class=\"elementor-column elementor-col-50 elementor-top-column elementor-element elementor-element-4a16db3\" data-id=\"4a16db3\" data-element_type=\"column\" data-e-type=\"column\">\n\t\t\t<div class=\"elementor-widget-wrap elementor-element-populated\">\n\t\t\t\t\t\t<div class=\"elementor-element elementor-element-ec8139d elementor-widget elementor-widget-text-editor\" data-id=\"ec8139d\" data-element_type=\"widget\" data-e-type=\"widget\" data-widget_type=\"text-editor.default\">\n\t\t\t\t<div class=\"elementor-widget-container\">\n\t\t\t\t\t\t\t\t\t<p>Pod\u00e9is contar con nosotros para:<\/p>\t\t\t\t\t\t\t\t<\/div>\n\t\t\t\t<\/div>\n\t\t\t\t<div class=\"elementor-element elementor-element-c61cc2b elementor-icon-list--layout-traditional elementor-list-item-link-full_width elementor-widget elementor-widget-icon-list\" data-id=\"c61cc2b\" data-element_type=\"widget\" data-e-type=\"widget\" data-widget_type=\"icon-list.default\">\n\t\t\t\t<div class=\"elementor-widget-container\">\n\t\t\t\t\t\t\t<ul class=\"elementor-icon-list-items\">\n\t\t\t\t\t\t\t<li class=\"elementor-icon-list-item\">\n\t\t\t\t\t\t\t\t\t\t\t<span class=\"elementor-icon-list-icon\">\n\t\t\t\t\t\t\t<i aria-hidden=\"true\" class=\"fas fa-check\"><\/i>\t\t\t\t\t\t<\/span>\n\t\t\t\t\t\t\t\t\t\t<span class=\"elementor-icon-list-text\">Encontrar la casa deseada<\/span>\n\t\t\t\t\t\t\t\t\t<\/li>\n\t\t\t\t\t\t\t\t<li class=\"elementor-icon-list-item\">\n\t\t\t\t\t\t\t\t\t\t\t<span class=\"elementor-icon-list-icon\">\n\t\t\t\t\t\t\t<i aria-hidden=\"true\" class=\"fas fa-check\"><\/i>\t\t\t\t\t\t<\/span>\n\t\t\t\t\t\t\t\t\t\t<span class=\"elementor-icon-list-text\">Preparar la mudanza y el orden de la casa;<\/span>\n\t\t\t\t\t\t\t\t\t<\/li>\n\t\t\t\t\t\t\t\t<li class=\"elementor-icon-list-item\">\n\t\t\t\t\t\t\t\t\t\t\t<span class=\"elementor-icon-list-icon\">\n\t\t\t\t\t\t\t<i aria-hidden=\"true\" class=\"fas fa-check\"><\/i>\t\t\t\t\t\t<\/span>\n\t\t\t\t\t\t\t\t\t\t<span class=\"elementor-icon-list-text\">Realizar la limpieza general de la casa antes de su alojo;<\/span>\n\t\t\t\t\t\t\t\t\t<\/li>\n\t\t\t\t\t\t\t\t<li class=\"elementor-icon-list-item\">\n\t\t\t\t\t\t\t\t\t\t\t<span class=\"elementor-icon-list-icon\">\n\t\t\t\t\t\t\t<i aria-hidden=\"true\" class=\"fas fa-check\"><\/i>\t\t\t\t\t\t<\/span>\n\t\t\t\t\t\t\t\t\t\t<span class=\"elementor-icon-list-text\">Recogida del aeropuerto;<\/span>\n\t\t\t\t\t\t\t\t\t<\/li>\n\t\t\t\t\t\t\t\t<li class=\"elementor-icon-list-item\">\n\t\t\t\t\t\t\t\t\t\t\t<span class=\"elementor-icon-list-icon\">\n\t\t\t\t\t\t\t<i aria-hidden=\"true\" class=\"fas fa-check\"><\/i>\t\t\t\t\t\t<\/span>\n\t\t\t\t\t\t\t\t\t\t<span class=\"elementor-icon-list-text\">Gestiones legales para la obtenci\u00f3n de la residencia;<\/span>\n\t\t\t\t\t\t\t\t\t<\/li>\n\t\t\t\t\t\t\t\t<li class=\"elementor-icon-list-item\">\n\t\t\t\t\t\t\t\t\t\t\t<span class=\"elementor-icon-list-icon\">\n\t\t\t\t\t\t\t<i aria-hidden=\"true\" class=\"fas fa-check\"><\/i>\t\t\t\t\t\t<\/span>\n\t\t\t\t\t\t\t\t\t\t<span class=\"elementor-icon-list-text\">Esteticien y enfermeras est\u00e9ticas a domicilio;<\/span>\n\t\t\t\t\t\t\t\t\t<\/li>\n\t\t\t\t\t\t\t\t<li class=\"elementor-icon-list-item\">\n\t\t\t\t\t\t\t\t\t\t\t<span class=\"elementor-icon-list-icon\">\n\t\t\t\t\t\t\t<i aria-hidden=\"true\" class=\"fas fa-check\"><\/i>\t\t\t\t\t\t<\/span>\n\t\t\t\t\t\t\t\t\t\t<span class=\"elementor-icon-list-text\">Masajistas;<\/span>\n\t\t\t\t\t\t\t\t\t<\/li>\n\t\t\t\t\t\t\t\t<li class=\"elementor-icon-list-item\">\n\t\t\t\t\t\t\t\t\t\t\t<span class=\"elementor-icon-list-icon\">\n\t\t\t\t\t\t\t<i aria-hidden=\"true\" class=\"fas fa-check\"><\/i>\t\t\t\t\t\t<\/span>\n\t\t\t\t\t\t\t\t\t\t<span class=\"elementor-icon-list-text\">Personal Trainer, profesores de Yoga o Pilates;<\/span>\n\t\t\t\t\t\t\t\t\t<\/li>\n\t\t\t\t\t\t\t\t<li class=\"elementor-icon-list-item\">\n\t\t\t\t\t\t\t\t\t\t\t<span class=\"elementor-icon-list-icon\">\n\t\t\t\t\t\t\t<i aria-hidden=\"true\" class=\"fas fa-check\"><\/i>\t\t\t\t\t\t<\/span>\n\t\t\t\t\t\t\t\t\t\t<span class=\"elementor-icon-list-text\">Organizadores de eventos;<\/span>\n\t\t\t\t\t\t\t\t\t<\/li>\n\t\t\t\t\t\t\t\t<li class=\"elementor-icon-list-item\">\n\t\t\t\t\t\t\t\t\t\t\t<span class=\"elementor-icon-list-icon\">\n\t\t\t\t\t\t\t<i aria-hidden=\"true\" class=\"fas fa-check\"><\/i>\t\t\t\t\t\t<\/span>\n\t\t\t\t\t\t\t\t\t\t<span class=\"elementor-icon-list-text\">\u2026 y cualquier otro servicio que necesit\u00e9is.<\/span>\n\t\t\t\t\t\t\t\t\t<\/li>\n\t\t\t\t\t\t<\/ul>\n\t\t\t\t\t\t<\/div>\n\t\t\t\t<\/div>\n\t\t\t\t<div class=\"elementor-element elementor-element-37d73cb elementor-widget elementor-widget-text-editor\" data-id=\"37d73cb\" data-element_type=\"widget\" data-e-type=\"widget\" data-widget_type=\"text-editor.default\">\n\t\t\t\t<div class=\"elementor-widget-container\">\n\t\t\t\t\t\t\t\t\t<p>Preparamos tarifas personalizadas en funci\u00f3n de los servicios demandados.<\/p>\t\t\t\t\t\t\t\t<\/div>\n\t\t\t\t<\/div>\n\t\t\t\t<div class=\"elementor-element elementor-element-e964d10 elementor-align-left elementor-widget elementor-widget-button\" data-id=\"e964d10\" data-element_type=\"widget\" data-e-type=\"widget\" data-widget_type=\"button.default\">\n\t\t\t\t<div class=\"elementor-widget-container\">\n\t\t\t\t\t\t\t\t\t<div class=\"elementor-button-wrapper\">\n\t\t\t\t\t<a class=\"elementor-button elementor-button-link elementor-size-xl\" href=\"https:\/\/marbellafamily.es\/#contact\">\n\t\t\t\t\t\t<span class=\"elementor-button-content-wrapper\">\n\t\t\t\t\t\t<span class=\"elementor-button-icon\">\n\t\t\t\t<i aria-hidden=\"true\" class=\"fas fa-info-circle\"><\/i>\t\t\t<\/span>\n\t\t\t\t\t\t\t\t\t<span class=\"elementor-button-text\">Inf\u00f3rmate aqu\u00ed<\/span>\n\t\t\t\t\t<\/span>\n\t\t\t\t\t<\/a>\n\t\t\t\t<\/div>\n\t\t\t\t\t\t\t\t<\/div>\n\t\t\t\t<\/div>\n\t\t\t\t\t<\/div>\n\t\t<\/div>\n\t\t\t\t<div class=\"elementor-column elementor-col-50 elementor-top-column elementor-element elementor-element-d33fe33\" data-id=\"d33fe33\" data-element_type=\"column\" data-e-type=\"column\">\n\t\t\t<div class=\"elementor-widget-wrap elementor-element-populated\">\n\t\t\t\t\t\t<div class=\"elementor-element elementor-element-208f51b elementor-widget elementor-widget-image\" data-id=\"208f51b\" data-element_type=\"widget\" data-e-type=\"widget\" data-widget_type=\"image.default\">\n\t\t\t\t<div class=\"elementor-widget-container\">\n\t\t\t\t\t\t\t\t\t\t\t\t\t\t\t<img decoding=\"async\" width=\"923\" height=\"738\" data-src=\"https:\/\/marbellafamily.es\/wp-content\/uploads\/2022\/05\/apartado-de-Personal-Family-I-1024x819.png\" class=\"attachment-large size-large wp-image-4764 lazyload\" alt=\"\" data-srcset=\"https:\/\/marbellafamily.es\/wp-content\/uploads\/2022\/05\/apartado-de-Personal-Family-I-1024x819.png 1024w, https:\/\/marbellafamily.es\/wp-content\/uploads\/2022\/05\/apartado-de-Personal-Family-I-300x240.png 300w, https:\/\/marbellafamily.es\/wp-content\/uploads\/2022\/05\/apartado-de-Personal-Family-I-768x614.png 768w, https:\/\/marbellafamily.es\/wp-content\/uploads\/2022\/05\/apartado-de-Personal-Family-I-1536x1229.png 1536w, https:\/\/marbellafamily.es\/wp-content\/uploads\/2022\/05\/apartado-de-Personal-Family-I.png 2000w\" data-sizes=\"(max-width: 923px) 100vw, 923px\" src=\"data:image\/svg+xml;base64,PHN2ZyB3aWR0aD0iMSIgaGVpZ2h0PSIxIiB4bWxucz0iaHR0cDovL3d3dy53My5vcmcvMjAwMC9zdmciPjwvc3ZnPg==\" style=\"--smush-placeholder-width: 923px; --smush-placeholder-aspect-ratio: 923\/738;\" \/>\t\t\t\t\t\t\t\t\t\t\t\t\t\t\t<\/div>\n\t\t\t\t<\/div>\n\t\t\t\t\t<\/div>\n\t\t<\/div>\n\t\t\t\t\t<\/div>\n\t\t<\/section>\n\t\t\t\t<section class=\"elementor-section elementor-top-section elementor-element elementor-element-e754ac9 elementor-section-boxed elementor-section-height-default elementor-section-height-default\" data-id=\"e754ac9\" data-element_type=\"section\" data-e-type=\"section\" data-settings=\"{&quot;background_background&quot;:&quot;classic&quot;}\">\n\t\t\t\t\t\t<div class=\"elementor-container elementor-column-gap-default\">\n\t\t\t\t\t<div class=\"elementor-column elementor-col-100 elementor-top-column elementor-element elementor-element-8179d6f\" data-id=\"8179d6f\" data-element_type=\"column\" data-e-type=\"column\">\n\t\t\t<div class=\"elementor-widget-wrap\">\n\t\t\t\t\t\t\t<\/div>\n\t\t<\/div>\n\t\t\t\t\t<\/div>\n\t\t<\/section>\n\t\t\t\t<\/div>\n\t\t","protected":false},"excerpt":{"rendered":"<p>\u00bfEst\u00e1s pensando en mudarte a La Costa del Sol?, \u00bfdisfrutar de tus vacaciones en Marbella y no conoces nada?\u00a0 \u00a1cuenta con nosotras para hacer de tu experiencia un \u00e9xito! A trav\u00e9s de la experiencia con diferentes familias que contactaron con nosotros desde sus pa\u00edses de origen buscando Personal del Hogar para su llegada a Marbella,&hellip;<\/p>\n","protected":false},"author":2,"featured_media":4707,"parent":0,"menu_order":0,"comment_status":"closed","ping_status":"closed","template":"elementor_header_footer","meta":{"footnotes":""},"class_list":["post-4705","page","type-page","status-publish","has-post-thumbnail","hentry"],"yoast_head":"<!-- This site is optimized with the Yoast SEO plugin v27.4 - https:\/\/yoast.com\/product\/yoast-seo-wordpress\/ -->\n<title>Personal Family Supporter - Marbella Family | Personal Family Supporter Personal Family Supporter<\/title>\n<meta name=\"robots\" content=\"index, follow, max-snippet:-1, max-image-preview:large, max-video-preview:-1\" \/>\n<link rel=\"canonical\" href=\"https:\/\/marbellafamily.es\/pl\/personal-family-supporter\/\" \/>\n<meta property=\"og:locale\" content=\"pl_PL\" \/>\n<meta property=\"og:type\" content=\"article\" \/>\n<meta property=\"og:title\" content=\"Personal Family Supporter - Marbella Family | Personal Family Supporter Personal Family Supporter\" \/>\n<meta property=\"og:description\" content=\"\u00bfEst\u00e1s pensando en mudarte a La Costa del Sol?, \u00bfdisfrutar de tus vacaciones en Marbella y no conoces nada?\u00a0 \u00a1cuenta con nosotras para hacer de tu experiencia un \u00e9xito! A trav\u00e9s de la experiencia con diferentes familias que contactaron con nosotros desde sus pa\u00edses de origen buscando Personal del Hogar para su llegada a Marbella,&hellip;\" \/>\n<meta property=\"og:url\" content=\"https:\/\/marbellafamily.es\/pl\/personal-family-supporter\/\" \/>\n<meta property=\"og:site_name\" content=\"Marbella Family | Personal Family Supporter\" \/>\n<meta property=\"article:publisher\" content=\"https:\/\/www.facebook.com\/MarbellaandFamily?_rdc=1&amp;_rdr#\" \/>\n<meta property=\"article:modified_time\" content=\"2022-12-20T17:42:07+00:00\" \/>\n<meta property=\"og:image\" content=\"https:\/\/marbellafamily.es\/wp-content\/uploads\/2022\/05\/apartado-de-Personal-Family-1024x819.png\" \/>\n\t<meta property=\"og:image:width\" content=\"1024\" \/>\n\t<meta property=\"og:image:height\" content=\"819\" \/>\n\t<meta property=\"og:image:type\" content=\"image\/png\" \/>\n<meta name=\"twitter:card\" content=\"summary_large_image\" \/>\n<meta name=\"twitter:label1\" content=\"Szacowany czas czytania\" \/>\n\t<meta name=\"twitter:data1\" content=\"2 minuty\" \/>\n<script type=\"application\/ld+json\" class=\"yoast-schema-graph\">{\"@context\":\"https:\\\/\\\/schema.org\",\"@graph\":[{\"@type\":\"WebPage\",\"@id\":\"https:\\\/\\\/marbellafamily.es\\\/pl\\\/personal-family-supporter\\\/\",\"url\":\"https:\\\/\\\/marbellafamily.es\\\/pl\\\/personal-family-supporter\\\/\",\"name\":\"Personal Family Supporter - Marbella Family | Personal Family Supporter Personal Family Supporter\",\"isPartOf\":{\"@id\":\"https:\\\/\\\/marbellafamily.es\\\/#website\"},\"primaryImageOfPage\":{\"@id\":\"https:\\\/\\\/marbellafamily.es\\\/pl\\\/personal-family-supporter\\\/#primaryimage\"},\"image\":{\"@id\":\"https:\\\/\\\/marbellafamily.es\\\/pl\\\/personal-family-supporter\\\/#primaryimage\"},\"thumbnailUrl\":\"https:\\\/\\\/marbellafamily.es\\\/wp-content\\\/uploads\\\/2022\\\/05\\\/apartado-de-Personal-Family.png\",\"datePublished\":\"2022-05-04T20:04:30+00:00\",\"dateModified\":\"2022-12-20T17:42:07+00:00\",\"breadcrumb\":{\"@id\":\"https:\\\/\\\/marbellafamily.es\\\/pl\\\/personal-family-supporter\\\/#breadcrumb\"},\"inLanguage\":\"pl-PL\",\"potentialAction\":[{\"@type\":\"ReadAction\",\"target\":[\"https:\\\/\\\/marbellafamily.es\\\/pl\\\/personal-family-supporter\\\/\"]}]},{\"@type\":\"ImageObject\",\"inLanguage\":\"pl-PL\",\"@id\":\"https:\\\/\\\/marbellafamily.es\\\/pl\\\/personal-family-supporter\\\/#primaryimage\",\"url\":\"https:\\\/\\\/marbellafamily.es\\\/wp-content\\\/uploads\\\/2022\\\/05\\\/apartado-de-Personal-Family.png\",\"contentUrl\":\"https:\\\/\\\/marbellafamily.es\\\/wp-content\\\/uploads\\\/2022\\\/05\\\/apartado-de-Personal-Family.png\",\"width\":2000,\"height\":1600},{\"@type\":\"BreadcrumbList\",\"@id\":\"https:\\\/\\\/marbellafamily.es\\\/pl\\\/personal-family-supporter\\\/#breadcrumb\",\"itemListElement\":[{\"@type\":\"ListItem\",\"position\":1,\"name\":\"Portada\",\"item\":\"https:\\\/\\\/marbellafamily.es\\\/pl\\\/dom\\\/\"},{\"@type\":\"ListItem\",\"position\":2,\"name\":\"Personal Family Supporter\"}]},{\"@type\":\"WebSite\",\"@id\":\"https:\\\/\\\/marbellafamily.es\\\/#website\",\"url\":\"https:\\\/\\\/marbellafamily.es\\\/\",\"name\":\"Marbella Family | Personal Family Supporter\",\"description\":\"Servicio dom\u00e9stico para familias\",\"publisher\":{\"@id\":\"https:\\\/\\\/marbellafamily.es\\\/#organization\"},\"potentialAction\":[{\"@type\":\"SearchAction\",\"target\":{\"@type\":\"EntryPoint\",\"urlTemplate\":\"https:\\\/\\\/marbellafamily.es\\\/?s={search_term_string}\"},\"query-input\":{\"@type\":\"PropertyValueSpecification\",\"valueRequired\":true,\"valueName\":\"search_term_string\"}}],\"inLanguage\":\"pl-PL\"},{\"@type\":\"Organization\",\"@id\":\"https:\\\/\\\/marbellafamily.es\\\/#organization\",\"name\":\"Marbella Family\",\"url\":\"https:\\\/\\\/marbellafamily.es\\\/\",\"logo\":{\"@type\":\"ImageObject\",\"inLanguage\":\"pl-PL\",\"@id\":\"https:\\\/\\\/marbellafamily.es\\\/#\\\/schema\\\/logo\\\/image\\\/\",\"url\":\"https:\\\/\\\/marbellafamily.es\\\/wp-content\\\/uploads\\\/2021\\\/01\\\/logo_marbella_family_new.png\",\"contentUrl\":\"https:\\\/\\\/marbellafamily.es\\\/wp-content\\\/uploads\\\/2021\\\/01\\\/logo_marbella_family_new.png\",\"width\":126,\"height\":81,\"caption\":\"Marbella Family\"},\"image\":{\"@id\":\"https:\\\/\\\/marbellafamily.es\\\/#\\\/schema\\\/logo\\\/image\\\/\"},\"sameAs\":[\"https:\\\/\\\/www.facebook.com\\\/MarbellaandFamily?_rdc=1&_rdr#\",\"https:\\\/\\\/www.instagram.com\\\/marbellaandfamily\\\/\"]}]}<\/script>\n<!-- \/ Yoast SEO plugin. -->","yoast_head_json":{"title":"Personal Family Supporter - Marbella Family | Personal Family Supporter Personal Family Supporter","robots":{"index":"index","follow":"follow","max-snippet":"max-snippet:-1","max-image-preview":"max-image-preview:large","max-video-preview":"max-video-preview:-1"},"canonical":"https:\/\/marbellafamily.es\/pl\/personal-family-supporter\/","og_locale":"pl_PL","og_type":"article","og_title":"Personal Family Supporter - Marbella Family | Personal Family Supporter Personal Family Supporter","og_description":"\u00bfEst\u00e1s pensando en mudarte a La Costa del Sol?, \u00bfdisfrutar de tus vacaciones en Marbella y no conoces nada?\u00a0 \u00a1cuenta con nosotras para hacer de tu experiencia un \u00e9xito! A trav\u00e9s de la experiencia con diferentes familias que contactaron con nosotros desde sus pa\u00edses de origen buscando Personal del Hogar para su llegada a Marbella,&hellip;","og_url":"https:\/\/marbellafamily.es\/pl\/personal-family-supporter\/","og_site_name":"Marbella Family | Personal Family Supporter","article_publisher":"https:\/\/www.facebook.com\/MarbellaandFamily?_rdc=1&_rdr#","article_modified_time":"2022-12-20T17:42:07+00:00","og_image":[{"width":1024,"height":819,"url":"https:\/\/marbellafamily.es\/wp-content\/uploads\/2022\/05\/apartado-de-Personal-Family-1024x819.png","type":"image\/png"}],"twitter_card":"summary_large_image","twitter_misc":{"Szacowany czas czytania":"2 minuty"},"schema":{"@context":"https:\/\/schema.org","@graph":[{"@type":"WebPage","@id":"https:\/\/marbellafamily.es\/pl\/personal-family-supporter\/","url":"https:\/\/marbellafamily.es\/pl\/personal-family-supporter\/","name":"Personal Family Supporter - Marbella Family | Personal Family Supporter Personal Family Supporter","isPartOf":{"@id":"https:\/\/marbellafamily.es\/#website"},"primaryImageOfPage":{"@id":"https:\/\/marbellafamily.es\/pl\/personal-family-supporter\/#primaryimage"},"image":{"@id":"https:\/\/marbellafamily.es\/pl\/personal-family-supporter\/#primaryimage"},"thumbnailUrl":"https:\/\/marbellafamily.es\/wp-content\/uploads\/2022\/05\/apartado-de-Personal-Family.png","datePublished":"2022-05-04T20:04:30+00:00","dateModified":"2022-12-20T17:42:07+00:00","breadcrumb":{"@id":"https:\/\/marbellafamily.es\/pl\/personal-family-supporter\/#breadcrumb"},"inLanguage":"pl-PL","potentialAction":[{"@type":"ReadAction","target":["https:\/\/marbellafamily.es\/pl\/personal-family-supporter\/"]}]},{"@type":"ImageObject","inLanguage":"pl-PL","@id":"https:\/\/marbellafamily.es\/pl\/personal-family-supporter\/#primaryimage","url":"https:\/\/marbellafamily.es\/wp-content\/uploads\/2022\/05\/apartado-de-Personal-Family.png","contentUrl":"https:\/\/marbellafamily.es\/wp-content\/uploads\/2022\/05\/apartado-de-Personal-Family.png","width":2000,"height":1600},{"@type":"BreadcrumbList","@id":"https:\/\/marbellafamily.es\/pl\/personal-family-supporter\/#breadcrumb","itemListElement":[{"@type":"ListItem","position":1,"name":"Portada","item":"https:\/\/marbellafamily.es\/pl\/dom\/"},{"@type":"ListItem","position":2,"name":"Personal Family Supporter"}]},{"@type":"WebSite","@id":"https:\/\/marbellafamily.es\/#website","url":"https:\/\/marbellafamily.es\/","name":"Marbella Family | Personal Family Supporter","description":"Servicio dom\u00e9stico para familias","publisher":{"@id":"https:\/\/marbellafamily.es\/#organization"},"potentialAction":[{"@type":"SearchAction","target":{"@type":"EntryPoint","urlTemplate":"https:\/\/marbellafamily.es\/?s={search_term_string}"},"query-input":{"@type":"PropertyValueSpecification","valueRequired":true,"valueName":"search_term_string"}}],"inLanguage":"pl-PL"},{"@type":"Organization","@id":"https:\/\/marbellafamily.es\/#organization","name":"Marbella Family","url":"https:\/\/marbellafamily.es\/","logo":{"@type":"ImageObject","inLanguage":"pl-PL","@id":"https:\/\/marbellafamily.es\/#\/schema\/logo\/image\/","url":"https:\/\/marbellafamily.es\/wp-content\/uploads\/2021\/01\/logo_marbella_family_new.png","contentUrl":"https:\/\/marbellafamily.es\/wp-content\/uploads\/2021\/01\/logo_marbella_family_new.png","width":126,"height":81,"caption":"Marbella Family"},"image":{"@id":"https:\/\/marbellafamily.es\/#\/schema\/logo\/image\/"},"sameAs":["https:\/\/www.facebook.com\/MarbellaandFamily?_rdc=1&_rdr#","https:\/\/www.instagram.com\/marbellaandfamily\/"]}]}},"_links":{"self":[{"href":"https:\/\/marbellafamily.es\/pl\/wp-json\/wp\/v2\/pages\/4705","targetHints":{"allow":["GET"]}}],"collection":[{"href":"https:\/\/marbellafamily.es\/pl\/wp-json\/wp\/v2\/pages"}],"about":[{"href":"https:\/\/marbellafamily.es\/pl\/wp-json\/wp\/v2\/types\/page"}],"author":[{"embeddable":true,"href":"https:\/\/marbellafamily.es\/pl\/wp-json\/wp\/v2\/users\/2"}],"replies":[{"embeddable":true,"href":"https:\/\/marbellafamily.es\/pl\/wp-json\/wp\/v2\/comments?post=4705"}],"version-history":[{"count":19,"href":"https:\/\/marbellafamily.es\/pl\/wp-json\/wp\/v2\/pages\/4705\/revisions"}],"predecessor-version":[{"id":5134,"href":"https:\/\/marbellafamily.es\/pl\/wp-json\/wp\/v2\/pages\/4705\/revisions\/5134"}],"wp:featuredmedia":[{"embeddable":true,"href":"https:\/\/marbellafamily.es\/pl\/wp-json\/wp\/v2\/media\/4707"}],"wp:attachment":[{"href":"https:\/\/marbellafamily.es\/pl\/wp-json\/wp\/v2\/media?parent=4705"}],"curies":[{"name":"wp","href":"https:\/\/api.w.org\/{rel}","templated":true}]}}