{"id":4781,"date":"2021-07-12T11:22:18","date_gmt":"2021-07-12T11:22:18","guid":{"rendered":"https:\/\/marbellafamily.es\/nuestros-valores\/"},"modified":"2022-12-20T13:43:03","modified_gmt":"2022-12-20T13:43:03","slug":"nasze-wartosci","status":"publish","type":"page","link":"https:\/\/marbellafamily.es\/pl\/nasze-wartosci\/","title":{"rendered":"Nasze warto\u015bci"},"content":{"rendered":"\t\t<div data-elementor-type=\"wp-page\" data-elementor-id=\"4781\" class=\"elementor elementor-4781 elementor-2657\" data-elementor-post-type=\"page\">\n\t\t\t\t\t\t<section class=\"elementor-section elementor-top-section elementor-element elementor-element-0a0a6ae elementor-section-boxed elementor-section-height-default elementor-section-height-default\" data-id=\"0a0a6ae\" data-element_type=\"section\" data-e-type=\"section\">\n\t\t\t\t\t\t<div class=\"elementor-container elementor-column-gap-default\">\n\t\t\t\t\t<div class=\"elementor-column elementor-col-25 elementor-top-column elementor-element elementor-element-f7f4454\" data-id=\"f7f4454\" data-element_type=\"column\" data-e-type=\"column\">\n\t\t\t<div class=\"elementor-widget-wrap elementor-element-populated\">\n\t\t\t\t\t\t<div class=\"elementor-element elementor-element-88a4ed1 elementor-view-stacked animated-fast elementor-shape-circle elementor-invisible elementor-widget elementor-widget-icon\" data-id=\"88a4ed1\" data-element_type=\"widget\" data-e-type=\"widget\" data-settings=\"{&quot;_animation&quot;:&quot;bounceIn&quot;}\" data-widget_type=\"icon.default\">\n\t\t\t\t<div class=\"elementor-widget-container\">\n\t\t\t\t\t\t\t<div class=\"elementor-icon-wrapper\">\n\t\t\t<div class=\"elementor-icon\">\n\t\t\t<i aria-hidden=\"true\" class=\"far fa-calendar-check\"><\/i>\t\t\t<\/div>\n\t\t<\/div>\n\t\t\t\t\t\t<\/div>\n\t\t\t\t<\/div>\n\t\t\t\t<div class=\"elementor-element elementor-element-075df09 elementor-widget elementor-widget-text-editor\" data-id=\"075df09\" data-element_type=\"widget\" data-e-type=\"widget\" data-widget_type=\"text-editor.default\">\n\t\t\t\t<div class=\"elementor-widget-container\">\n\t\t\t\t\t\t\t\t\t<p><strong>24 x 7 \u2013 365\u00a0<\/strong><\/p><p style=\"text-align: left;\">Mo\u017cesz na nas liczy\u0107 7 dni w tygodniu, bo wiemy, \u017ce wszelkie komplikacje przychodz\u0105 wtedy, kiedy s\u0105 najmniej spodziewane, a my chcemy nadal by\u0107 najlepszym wsparciem dla rodzin.<\/p>\t\t\t\t\t\t\t\t<\/div>\n\t\t\t\t<\/div>\n\t\t\t\t\t<\/div>\n\t\t<\/div>\n\t\t\t\t<div class=\"elementor-column elementor-col-25 elementor-top-column elementor-element elementor-element-58fb2b4\" data-id=\"58fb2b4\" data-element_type=\"column\" data-e-type=\"column\">\n\t\t\t<div class=\"elementor-widget-wrap elementor-element-populated\">\n\t\t\t\t\t\t<div class=\"elementor-element elementor-element-4ea9104 elementor-view-stacked animated-fast elementor-shape-circle elementor-invisible elementor-widget elementor-widget-icon\" data-id=\"4ea9104\" data-element_type=\"widget\" data-e-type=\"widget\" data-settings=\"{&quot;_animation&quot;:&quot;bounceIn&quot;}\" data-widget_type=\"icon.default\">\n\t\t\t\t<div class=\"elementor-widget-container\">\n\t\t\t\t\t\t\t<div class=\"elementor-icon-wrapper\">\n\t\t\t<div class=\"elementor-icon\">\n\t\t\t<i aria-hidden=\"true\" class=\"fas fa-search\"><\/i>\t\t\t<\/div>\n\t\t<\/div>\n\t\t\t\t\t\t<\/div>\n\t\t\t\t<\/div>\n\t\t\t\t<div class=\"elementor-element elementor-element-aa3e826 elementor-widget elementor-widget-text-editor\" data-id=\"aa3e826\" data-element_type=\"widget\" data-e-type=\"widget\" data-widget_type=\"text-editor.default\">\n\t\t\t\t<div class=\"elementor-widget-container\">\n\t\t\t\t\t\t\t\t\t<p><strong>Personalizacja i szczeg\u00f3\u0142owo\u015b\u0107<\/strong><\/p><p>Ka\u017cda rodzina to \u015bwiat, dlatego po\u015bwi\u0119camy wiele szczeg\u00f3\u0142\u00f3w wst\u0119pnej selekcji personelu, aby mie\u0107 pewno\u015b\u0107, \u017ce wybierzemy odpowiedni\u0105 osob\u0119 do Waszego domu.<\/p>\t\t\t\t\t\t\t\t<\/div>\n\t\t\t\t<\/div>\n\t\t\t\t\t<\/div>\n\t\t<\/div>\n\t\t\t\t<div class=\"elementor-column elementor-col-25 elementor-top-column elementor-element elementor-element-8fa77e4\" data-id=\"8fa77e4\" data-element_type=\"column\" data-e-type=\"column\">\n\t\t\t<div class=\"elementor-widget-wrap elementor-element-populated\">\n\t\t\t\t\t\t<div class=\"elementor-element elementor-element-cf24273 elementor-view-stacked animated-fast elementor-shape-circle elementor-invisible elementor-widget elementor-widget-icon\" data-id=\"cf24273\" data-element_type=\"widget\" data-e-type=\"widget\" data-settings=\"{&quot;_animation&quot;:&quot;bounceIn&quot;}\" data-widget_type=\"icon.default\">\n\t\t\t\t<div class=\"elementor-widget-container\">\n\t\t\t\t\t\t\t<div class=\"elementor-icon-wrapper\">\n\t\t\t<div class=\"elementor-icon\">\n\t\t\t<i aria-hidden=\"true\" class=\"fas fa-thumbs-up\"><\/i>\t\t\t<\/div>\n\t\t<\/div>\n\t\t\t\t\t\t<\/div>\n\t\t\t\t<\/div>\n\t\t\t\t<div class=\"elementor-element elementor-element-69c4a6a elementor-widget elementor-widget-text-editor\" data-id=\"69c4a6a\" data-element_type=\"widget\" data-e-type=\"widget\" data-widget_type=\"text-editor.default\">\n\t\t\t\t<div class=\"elementor-widget-container\">\n\t\t\t\t\t\t\t\t\t<p><strong>Uczciwo\u015b\u0107 i wierno\u015b\u0107<\/strong><\/p><p>Nasza praca nigdy si\u0119 nie ko\u0144czy, dlatego zawsze mo\u017cesz na nas liczy\u0107 w przypadku zast\u0119pstw, specjalnych dni, urlop\u00f3w&#8230; u Twojego boku na ka\u017cdym kroku.<\/p>\t\t\t\t\t\t\t\t<\/div>\n\t\t\t\t<\/div>\n\t\t\t\t\t<\/div>\n\t\t<\/div>\n\t\t\t\t<div class=\"elementor-column elementor-col-25 elementor-top-column elementor-element elementor-element-5862cd1\" data-id=\"5862cd1\" data-element_type=\"column\" data-e-type=\"column\">\n\t\t\t<div class=\"elementor-widget-wrap elementor-element-populated\">\n\t\t\t\t\t\t<div class=\"elementor-element elementor-element-efa902b elementor-view-stacked elementor-shape-circle elementor-widget elementor-widget-icon\" data-id=\"efa902b\" data-element_type=\"widget\" data-e-type=\"widget\" data-widget_type=\"icon.default\">\n\t\t\t\t<div class=\"elementor-widget-container\">\n\t\t\t\t\t\t\t<div class=\"elementor-icon-wrapper\">\n\t\t\t<div class=\"elementor-icon\">\n\t\t\t<i aria-hidden=\"true\" class=\"fas fa-toolbox\"><\/i>\t\t\t<\/div>\n\t\t<\/div>\n\t\t\t\t\t\t<\/div>\n\t\t\t\t<\/div>\n\t\t\t\t<div class=\"elementor-element elementor-element-2abacc2 elementor-widget elementor-widget-text-editor\" data-id=\"2abacc2\" data-element_type=\"widget\" data-e-type=\"widget\" data-widget_type=\"text-editor.default\">\n\t\t\t\t<div class=\"elementor-widget-container\">\n\t\t\t\t\t\t\t\t\t<p><strong>Profesjonalizm i sprawno\u015b\u0107 dzia\u0142ania<\/strong><\/p><p>Posiadamy du\u017c\u0105 baz\u0119 doskona\u0142ych fachowc\u00f3w, z kt\u00f3rymi przeprowadzili\u015bmy rozmowy i sprawdzili\u015bmy ich referencje, dzi\u0119ki czemu mo\u017cemy zapewni\u0107 szybk\u0105 reakcj\u0119 w ka\u017cdej sytuacji.<\/p>\t\t\t\t\t\t\t\t<\/div>\n\t\t\t\t<\/div>\n\t\t\t\t\t<\/div>\n\t\t<\/div>\n\t\t\t\t\t<\/div>\n\t\t<\/section>\n\t\t\t\t<section class=\"elementor-section elementor-top-section elementor-element elementor-element-f331acd elementor-section-boxed elementor-section-height-default elementor-section-height-default\" data-id=\"f331acd\" data-element_type=\"section\" data-e-type=\"section\">\n\t\t\t\t\t\t<div class=\"elementor-container elementor-column-gap-default\">\n\t\t\t\t\t<div class=\"elementor-column elementor-col-100 elementor-top-column elementor-element elementor-element-b8e91f0\" data-id=\"b8e91f0\" data-element_type=\"column\" data-e-type=\"column\">\n\t\t\t<div class=\"elementor-widget-wrap elementor-element-populated\">\n\t\t\t\t\t\t<div class=\"elementor-element elementor-element-fcbc136 elementor-widget elementor-widget-text-editor\" data-id=\"fcbc136\" data-element_type=\"widget\" data-e-type=\"widget\" data-widget_type=\"text-editor.default\">\n\t\t\t\t<div class=\"elementor-widget-container\">\n\t\t\t\t\t\t\t\t\t<p>Posiadamy du\u017c\u0105 baz\u0119 doskona\u0142ych fachowc\u00f3w, z kt\u00f3rymi przeprowadzili\u015bmy rozmowyi sprawdzili\u015bmy ich referencje, dzi\u0119ki czemu mo\u017cemy udzieli\u0107 szybkiej odpowiedzi wka\u017cdej sytuacji.<\/p>\t\t\t\t\t\t\t\t<\/div>\n\t\t\t\t<\/div>\n\t\t\t\t\t<\/div>\n\t\t<\/div>\n\t\t\t\t\t<\/div>\n\t\t<\/section>\n\t\t\t\t<\/div>\n\t\t","protected":false},"excerpt":{"rendered":"<p>24 x 7 \u2013 365\u00a0 Mo\u017cesz na nas liczy\u0107 7 dni w tygodniu, bo wiemy, \u017ce wszelkie komplikacje przychodz\u0105 wtedy, kiedy s\u0105 najmniej spodziewane, a my chcemy nadal by\u0107 najlepszym wsparciem dla rodzin. Personalizacja i szczeg\u00f3\u0142owo\u015b\u0107 Ka\u017cda rodzina to \u015bwiat, dlatego po\u015bwi\u0119camy wiele szczeg\u00f3\u0142\u00f3w wst\u0119pnej selekcji personelu, aby mie\u0107 pewno\u015b\u0107, \u017ce wybierzemy odpowiedni\u0105 osob\u0119 do&hellip;<\/p>\n","protected":false},"author":2,"featured_media":4725,"parent":0,"menu_order":0,"comment_status":"closed","ping_status":"closed","template":"elementor_header_footer","meta":{"footnotes":""},"class_list":["post-4781","page","type-page","status-publish","has-post-thumbnail","hentry"],"yoast_head":"<!-- This site is optimized with the Yoast SEO plugin v27.4 - https:\/\/yoast.com\/product\/yoast-seo-wordpress\/ -->\n<title>Nasze warto\u015bci - Marbella Family | Personal Family Supporter<\/title>\n<meta name=\"robots\" content=\"index, follow, max-snippet:-1, max-image-preview:large, max-video-preview:-1\" \/>\n<link rel=\"canonical\" href=\"https:\/\/marbellafamily.es\/pl\/nasze-wartosci\/\" \/>\n<meta property=\"og:locale\" content=\"pl_PL\" \/>\n<meta property=\"og:type\" content=\"article\" \/>\n<meta property=\"og:title\" content=\"Nasze warto\u015bci - Marbella Family | Personal Family Supporter\" \/>\n<meta property=\"og:description\" content=\"24 x 7 \u2013 365\u00a0 Mo\u017cesz na nas liczy\u0107 7 dni w tygodniu, bo wiemy, \u017ce wszelkie komplikacje przychodz\u0105 wtedy, kiedy s\u0105 najmniej spodziewane, a my chcemy nadal by\u0107 najlepszym wsparciem dla rodzin. Personalizacja i szczeg\u00f3\u0142owo\u015b\u0107 Ka\u017cda rodzina to \u015bwiat, dlatego po\u015bwi\u0119camy wiele szczeg\u00f3\u0142\u00f3w wst\u0119pnej selekcji personelu, aby mie\u0107 pewno\u015b\u0107, \u017ce wybierzemy odpowiedni\u0105 osob\u0119 do&hellip;\" \/>\n<meta property=\"og:url\" content=\"https:\/\/marbellafamily.es\/pl\/nasze-wartosci\/\" \/>\n<meta property=\"og:site_name\" content=\"Marbella Family | Personal Family Supporter\" \/>\n<meta property=\"article:publisher\" content=\"https:\/\/www.facebook.com\/MarbellaandFamily?_rdc=1&amp;_rdr#\" \/>\n<meta property=\"article:modified_time\" content=\"2022-12-20T13:43:03+00:00\" \/>\n<meta property=\"og:image\" content=\"https:\/\/marbellafamily.es\/wp-content\/uploads\/2021\/07\/fotonoticia_20210304133701_420_v2-2.jpg\" \/>\n\t<meta property=\"og:image:width\" content=\"1280\" \/>\n\t<meta property=\"og:image:height\" content=\"720\" \/>\n\t<meta property=\"og:image:type\" content=\"image\/jpeg\" \/>\n<meta name=\"twitter:card\" content=\"summary_large_image\" \/>\n<meta name=\"twitter:label1\" content=\"Szacowany czas czytania\" \/>\n\t<meta name=\"twitter:data1\" content=\"1 minuta\" \/>\n<script type=\"application\/ld+json\" class=\"yoast-schema-graph\">{\"@context\":\"https:\\\/\\\/schema.org\",\"@graph\":[{\"@type\":\"WebPage\",\"@id\":\"https:\\\/\\\/marbellafamily.es\\\/pl\\\/nasze-wartosci\\\/\",\"url\":\"https:\\\/\\\/marbellafamily.es\\\/pl\\\/nasze-wartosci\\\/\",\"name\":\"Nasze warto\u015bci - Marbella Family | Personal Family Supporter\",\"isPartOf\":{\"@id\":\"https:\\\/\\\/marbellafamily.es\\\/#website\"},\"primaryImageOfPage\":{\"@id\":\"https:\\\/\\\/marbellafamily.es\\\/pl\\\/nasze-wartosci\\\/#primaryimage\"},\"image\":{\"@id\":\"https:\\\/\\\/marbellafamily.es\\\/pl\\\/nasze-wartosci\\\/#primaryimage\"},\"thumbnailUrl\":\"https:\\\/\\\/marbellafamily.es\\\/wp-content\\\/uploads\\\/2021\\\/07\\\/fotonoticia_20210304133701_420_v2-2.jpg\",\"datePublished\":\"2021-07-12T11:22:18+00:00\",\"dateModified\":\"2022-12-20T13:43:03+00:00\",\"breadcrumb\":{\"@id\":\"https:\\\/\\\/marbellafamily.es\\\/pl\\\/nasze-wartosci\\\/#breadcrumb\"},\"inLanguage\":\"pl-PL\",\"potentialAction\":[{\"@type\":\"ReadAction\",\"target\":[\"https:\\\/\\\/marbellafamily.es\\\/pl\\\/nasze-wartosci\\\/\"]}]},{\"@type\":\"ImageObject\",\"inLanguage\":\"pl-PL\",\"@id\":\"https:\\\/\\\/marbellafamily.es\\\/pl\\\/nasze-wartosci\\\/#primaryimage\",\"url\":\"https:\\\/\\\/marbellafamily.es\\\/wp-content\\\/uploads\\\/2021\\\/07\\\/fotonoticia_20210304133701_420_v2-2.jpg\",\"contentUrl\":\"https:\\\/\\\/marbellafamily.es\\\/wp-content\\\/uploads\\\/2021\\\/07\\\/fotonoticia_20210304133701_420_v2-2.jpg\",\"width\":1280,\"height\":720},{\"@type\":\"BreadcrumbList\",\"@id\":\"https:\\\/\\\/marbellafamily.es\\\/pl\\\/nasze-wartosci\\\/#breadcrumb\",\"itemListElement\":[{\"@type\":\"ListItem\",\"position\":1,\"name\":\"Portada\",\"item\":\"https:\\\/\\\/marbellafamily.es\\\/pl\\\/dom\\\/\"},{\"@type\":\"ListItem\",\"position\":2,\"name\":\"Nasze warto\u015bci\"}]},{\"@type\":\"WebSite\",\"@id\":\"https:\\\/\\\/marbellafamily.es\\\/#website\",\"url\":\"https:\\\/\\\/marbellafamily.es\\\/\",\"name\":\"Marbella Family | Personal Family Supporter\",\"description\":\"Servicio dom\u00e9stico para familias\",\"publisher\":{\"@id\":\"https:\\\/\\\/marbellafamily.es\\\/#organization\"},\"potentialAction\":[{\"@type\":\"SearchAction\",\"target\":{\"@type\":\"EntryPoint\",\"urlTemplate\":\"https:\\\/\\\/marbellafamily.es\\\/?s={search_term_string}\"},\"query-input\":{\"@type\":\"PropertyValueSpecification\",\"valueRequired\":true,\"valueName\":\"search_term_string\"}}],\"inLanguage\":\"pl-PL\"},{\"@type\":\"Organization\",\"@id\":\"https:\\\/\\\/marbellafamily.es\\\/#organization\",\"name\":\"Marbella Family\",\"url\":\"https:\\\/\\\/marbellafamily.es\\\/\",\"logo\":{\"@type\":\"ImageObject\",\"inLanguage\":\"pl-PL\",\"@id\":\"https:\\\/\\\/marbellafamily.es\\\/#\\\/schema\\\/logo\\\/image\\\/\",\"url\":\"https:\\\/\\\/marbellafamily.es\\\/wp-content\\\/uploads\\\/2021\\\/01\\\/logo_marbella_family_new.png\",\"contentUrl\":\"https:\\\/\\\/marbellafamily.es\\\/wp-content\\\/uploads\\\/2021\\\/01\\\/logo_marbella_family_new.png\",\"width\":126,\"height\":81,\"caption\":\"Marbella Family\"},\"image\":{\"@id\":\"https:\\\/\\\/marbellafamily.es\\\/#\\\/schema\\\/logo\\\/image\\\/\"},\"sameAs\":[\"https:\\\/\\\/www.facebook.com\\\/MarbellaandFamily?_rdc=1&_rdr#\",\"https:\\\/\\\/www.instagram.com\\\/marbellaandfamily\\\/\"]}]}<\/script>\n<!-- \/ Yoast SEO plugin. -->","yoast_head_json":{"title":"Nasze warto\u015bci - Marbella Family | Personal Family Supporter","robots":{"index":"index","follow":"follow","max-snippet":"max-snippet:-1","max-image-preview":"max-image-preview:large","max-video-preview":"max-video-preview:-1"},"canonical":"https:\/\/marbellafamily.es\/pl\/nasze-wartosci\/","og_locale":"pl_PL","og_type":"article","og_title":"Nasze warto\u015bci - Marbella Family | Personal Family Supporter","og_description":"24 x 7 \u2013 365\u00a0 Mo\u017cesz na nas liczy\u0107 7 dni w tygodniu, bo wiemy, \u017ce wszelkie komplikacje przychodz\u0105 wtedy, kiedy s\u0105 najmniej spodziewane, a my chcemy nadal by\u0107 najlepszym wsparciem dla rodzin. Personalizacja i szczeg\u00f3\u0142owo\u015b\u0107 Ka\u017cda rodzina to \u015bwiat, dlatego po\u015bwi\u0119camy wiele szczeg\u00f3\u0142\u00f3w wst\u0119pnej selekcji personelu, aby mie\u0107 pewno\u015b\u0107, \u017ce wybierzemy odpowiedni\u0105 osob\u0119 do&hellip;","og_url":"https:\/\/marbellafamily.es\/pl\/nasze-wartosci\/","og_site_name":"Marbella Family | Personal Family Supporter","article_publisher":"https:\/\/www.facebook.com\/MarbellaandFamily?_rdc=1&_rdr#","article_modified_time":"2022-12-20T13:43:03+00:00","og_image":[{"width":1280,"height":720,"url":"https:\/\/marbellafamily.es\/wp-content\/uploads\/2021\/07\/fotonoticia_20210304133701_420_v2-2.jpg","type":"image\/jpeg"}],"twitter_card":"summary_large_image","twitter_misc":{"Szacowany czas czytania":"1 minuta"},"schema":{"@context":"https:\/\/schema.org","@graph":[{"@type":"WebPage","@id":"https:\/\/marbellafamily.es\/pl\/nasze-wartosci\/","url":"https:\/\/marbellafamily.es\/pl\/nasze-wartosci\/","name":"Nasze warto\u015bci - Marbella Family | Personal Family Supporter","isPartOf":{"@id":"https:\/\/marbellafamily.es\/#website"},"primaryImageOfPage":{"@id":"https:\/\/marbellafamily.es\/pl\/nasze-wartosci\/#primaryimage"},"image":{"@id":"https:\/\/marbellafamily.es\/pl\/nasze-wartosci\/#primaryimage"},"thumbnailUrl":"https:\/\/marbellafamily.es\/wp-content\/uploads\/2021\/07\/fotonoticia_20210304133701_420_v2-2.jpg","datePublished":"2021-07-12T11:22:18+00:00","dateModified":"2022-12-20T13:43:03+00:00","breadcrumb":{"@id":"https:\/\/marbellafamily.es\/pl\/nasze-wartosci\/#breadcrumb"},"inLanguage":"pl-PL","potentialAction":[{"@type":"ReadAction","target":["https:\/\/marbellafamily.es\/pl\/nasze-wartosci\/"]}]},{"@type":"ImageObject","inLanguage":"pl-PL","@id":"https:\/\/marbellafamily.es\/pl\/nasze-wartosci\/#primaryimage","url":"https:\/\/marbellafamily.es\/wp-content\/uploads\/2021\/07\/fotonoticia_20210304133701_420_v2-2.jpg","contentUrl":"https:\/\/marbellafamily.es\/wp-content\/uploads\/2021\/07\/fotonoticia_20210304133701_420_v2-2.jpg","width":1280,"height":720},{"@type":"BreadcrumbList","@id":"https:\/\/marbellafamily.es\/pl\/nasze-wartosci\/#breadcrumb","itemListElement":[{"@type":"ListItem","position":1,"name":"Portada","item":"https:\/\/marbellafamily.es\/pl\/dom\/"},{"@type":"ListItem","position":2,"name":"Nasze warto\u015bci"}]},{"@type":"WebSite","@id":"https:\/\/marbellafamily.es\/#website","url":"https:\/\/marbellafamily.es\/","name":"Marbella Family | Personal Family Supporter","description":"Servicio dom\u00e9stico para familias","publisher":{"@id":"https:\/\/marbellafamily.es\/#organization"},"potentialAction":[{"@type":"SearchAction","target":{"@type":"EntryPoint","urlTemplate":"https:\/\/marbellafamily.es\/?s={search_term_string}"},"query-input":{"@type":"PropertyValueSpecification","valueRequired":true,"valueName":"search_term_string"}}],"inLanguage":"pl-PL"},{"@type":"Organization","@id":"https:\/\/marbellafamily.es\/#organization","name":"Marbella Family","url":"https:\/\/marbellafamily.es\/","logo":{"@type":"ImageObject","inLanguage":"pl-PL","@id":"https:\/\/marbellafamily.es\/#\/schema\/logo\/image\/","url":"https:\/\/marbellafamily.es\/wp-content\/uploads\/2021\/01\/logo_marbella_family_new.png","contentUrl":"https:\/\/marbellafamily.es\/wp-content\/uploads\/2021\/01\/logo_marbella_family_new.png","width":126,"height":81,"caption":"Marbella Family"},"image":{"@id":"https:\/\/marbellafamily.es\/#\/schema\/logo\/image\/"},"sameAs":["https:\/\/www.facebook.com\/MarbellaandFamily?_rdc=1&_rdr#","https:\/\/www.instagram.com\/marbellaandfamily\/"]}]}},"_links":{"self":[{"href":"https:\/\/marbellafamily.es\/pl\/wp-json\/wp\/v2\/pages\/4781","targetHints":{"allow":["GET"]}}],"collection":[{"href":"https:\/\/marbellafamily.es\/pl\/wp-json\/wp\/v2\/pages"}],"about":[{"href":"https:\/\/marbellafamily.es\/pl\/wp-json\/wp\/v2\/types\/page"}],"author":[{"embeddable":true,"href":"https:\/\/marbellafamily.es\/pl\/wp-json\/wp\/v2\/users\/2"}],"replies":[{"embeddable":true,"href":"https:\/\/marbellafamily.es\/pl\/wp-json\/wp\/v2\/comments?post=4781"}],"version-history":[{"count":10,"href":"https:\/\/marbellafamily.es\/pl\/wp-json\/wp\/v2\/pages\/4781\/revisions"}],"predecessor-version":[{"id":4863,"href":"https:\/\/marbellafamily.es\/pl\/wp-json\/wp\/v2\/pages\/4781\/revisions\/4863"}],"wp:featuredmedia":[{"embeddable":true,"href":"https:\/\/marbellafamily.es\/pl\/wp-json\/wp\/v2\/media\/4725"}],"wp:attachment":[{"href":"https:\/\/marbellafamily.es\/pl\/wp-json\/wp\/v2\/media?parent=4781"}],"curies":[{"name":"wp","href":"https:\/\/api.w.org\/{rel}","templated":true}]}}