{"id":4782,"date":"2020-12-15T13:50:25","date_gmt":"2020-12-15T13:50:25","guid":{"rendered":"https:\/\/marbellafamily.es\/privacy-policy\/"},"modified":"2022-11-29T21:22:07","modified_gmt":"2022-11-29T21:22:07","slug":"privacy-policy","status":"publish","type":"page","link":"https:\/\/marbellafamily.es\/pl\/privacy-policy\/","title":{"rendered":"<strong>Polityka prywatno\u015bci<\/strong>"},"content":{"rendered":"\n<h2 class=\"wp-block-heading\">Kim jeste\u015bmy<\/h2>\n\n\n\n<p>Adres naszej strony internetowej to: https:\/\/marbellafamily.es.<\/p>\n\n\n\n<h2 class=\"wp-block-heading\">Jakie dane osobowe gromadzimy i dlaczego je gromadzimy<\/h2>\n\n\n\n<h3 class=\"wp-block-heading\">Uwagi<\/h3>\n\n\n\n<p>Kiedy odwiedzaj\u0105cy zostawiaj\u0105 komentarze na stronie, zbieramy dane wy\u015bwietlane w formularzu komentarza, a tak\u017ce adres IP odwiedzaj\u0105cego i ci\u0105g agenta u\u017cytkownika przegl\u0105darki, aby u\u0142atwi\u0107 wykrywanie spamu.<\/p>\n\n\n\n<p>Us\u0142uga Gravatar mo\u017ce otrzyma\u0107 anonimowy ci\u0105g utworzony z Twojego adresu e-mail (zwany r\u00f3wnie\u017c hashem), aby sprawdzi\u0107, czy z niej korzystasz. Polityka prywatno\u015bci serwisu Gravatar jest dost\u0119pna tutaj: https:\/\/automattic.com\/privacy\/. Po zatwierdzeniu komentarza, Twoje zdj\u0119cie profilowe jest widoczne publicznie w kontek\u015bcie Twojego komentarza.<\/p>\n\n\n\n<h3 class=\"wp-block-heading\">Media<\/h3>\n\n\n\n<p>Je\u015bli przesy\u0142asz zdj\u0119cia na stron\u0119 internetow\u0105, powiniene\u015b unika\u0107 przesy\u0142ania zdj\u0119\u0107 z osadzonymi danymi o lokalizacji (GPS EXIF). Odwiedzaj\u0105cy stron\u0119 internetow\u0105 mog\u0105 pobiera\u0107 i pozyskiwa\u0107 dane o lokalizacji z obraz\u00f3w znajduj\u0105cych si\u0119 na stronie internetowej.<\/p>\n\n\n\n<h3 class=\"wp-block-heading\">Formularze kontaktowe<\/h3>\n\n\n\n<h3 class=\"wp-block-heading\">Cookies<\/h3>\n\n\n\n<p>Je\u015bli zostawiasz komentarz na naszej stronie, mo\u017cesz wybra\u0107, aby zapisa\u0107 swoje imi\u0119, adres e-mail i stron\u0119 internetow\u0105 w plikach cookie. S\u0105 one dla Twojej wygody, aby\u015b nie musia\u0142 ponownie wype\u0142nia\u0107 swoich danych, gdy zostawiasz kolejny komentarz. Te cookies wystarcz\u0105 na jeden rok.<\/p>\n\n\n\n<p>Je\u015bli odwiedzisz nasz\u0105 stron\u0119 logowania, ustawimy tymczasowy plik cookie, aby ustali\u0107, czy Twoja przegl\u0105darka akceptuje pliki cookie. Ten plik cookie nie zawiera \u017cadnych danych osobowych i jest usuwany po zamkni\u0119ciu przegl\u0105darki.<\/p>\n\n\n\n<p>Podczas logowania ustawiamy r\u00f3wnie\u017c kilka plik\u00f3w cookie w celu przechowywania informacji o logowaniu i opcji wy\u015bwietlania ekranu. Pliki cookie logowania trwaj\u0105 przez dwa dni, a pliki cookie opcji wy\u015bwietlania przez rok. Je\u015bli wybierzesz opcj\u0119 &#8222;Zapami\u0119taj mnie&#8221;, Tw\u00f3j login b\u0119dzie utrzymywa\u0142 si\u0119 przez dwa tygodnie. Je\u015bli wylogujesz si\u0119 ze swojego konta, Twoje pliki cookie logowania zostan\u0105 usuni\u0119te.<\/p>\n\n\n\n<p>Je\u015bli edytujesz lub publikujesz artyku\u0142, dodatkowy plik cookie zostanie zapisany w Twojej przegl\u0105darce. Ten plik cookie nie zawiera \u017cadnych danych osobowych i wskazuje jedynie ID publikacji artyku\u0142u, kt\u00f3ry w\u0142a\u015bnie edytowa\u0142e\u015b. Wygasa on po 1 dniu.<\/p>\n\n\n\n<h3 class=\"wp-block-heading\">Osadzone tre\u015bci z innych stron internetowych<\/h3>\n\n\n\n<p>Artyku\u0142y na tej stronie mog\u0105 zawiera\u0107 osadzone tre\u015bci (np. filmy, obrazy, artyku\u0142y itp.). Osadzone tre\u015bci z innych stron internetowych zachowuj\u0105 si\u0119 dok\u0142adnie tak samo, jak gdyby odwiedzaj\u0105cy odwiedzi\u0142 inn\u0105 stron\u0119.<\/p>\n\n\n\n<p>Te strony internetowe mog\u0105 zbiera\u0107 dane o u\u017cytkowniku, u\u017cywa\u0107 plik\u00f3w cookie, osadza\u0107 dodatkowe tre\u015bci \u015bledz\u0105ce stron trzecich i monitorowa\u0107 interakcje u\u017cytkownika z t\u0105 osadzon\u0105 tre\u015bci\u0105, w tym \u015bledzi\u0107 interakcje u\u017cytkownika z osadzon\u0105 tre\u015bci\u0105, je\u015bli u\u017cytkownik posiada konto i jest zalogowany w danej witrynie.<\/p>\n\n\n\n<h3 class=\"wp-block-heading\">Analytics<\/h3>\n\n\n\n<h2 class=\"wp-block-heading\">Komu udost\u0119pniamy Twoje dane<\/h2>\n\n\n\n<p>Je\u015bli za\u017c\u0105dasz zresetowania has\u0142a, Tw\u00f3j adres IP zostanie uwzgl\u0119dniony w wiadomo\u015bci e-mail dotycz\u0105cej zresetowania.<\/p>\n\n\n\n<h2 class=\"wp-block-heading\">Jak d\u0142ugo przechowujemy Twoje dane<\/h2>\n\n\n\n<p>Je\u015bli zostawisz komentarz, komentarz i jego metadane s\u0105 przechowywane bezterminowo. Dzi\u0119ki temu b\u0119dziemy mogli automatycznie rozpozna\u0107 i zatwierdzi\u0107 wszelkie kolejne komentarze, zamiast trzyma\u0107 je w kolejce do moderacji.<\/p>\n\n\n\n<p>W przypadku u\u017cytkownik\u00f3w, kt\u00f3rzy rejestruj\u0105 si\u0119 na naszej stronie internetowej (je\u015bli dotyczy), przechowujemy r\u00f3wnie\u017c dane osobowe, kt\u00f3re podaj\u0105 w swoim profilu u\u017cytkownika. Wszyscy u\u017cytkownicy mog\u0105 w ka\u017cdej chwili przegl\u0105da\u0107, edytowa\u0107 lub usuwa\u0107 swoje dane osobowe (z wyj\u0105tkiem tego, \u017ce nie mog\u0105 zmieni\u0107 swojej nazwy u\u017cytkownika). Administratorzy strony mog\u0105 r\u00f3wnie\u017c przegl\u0105da\u0107 i edytowa\u0107 te informacje.<\/p>\n\n\n\n<h2 class=\"wp-block-heading\">Jakie prawa przys\u0142uguj\u0105 Pa\u0144stwu w odniesieniu do Pa\u0144stwa danych<\/h2>\n\n\n\n<p>Je\u015bli masz konto na tej stronie lub zostawi\u0142e\u015b komentarze, mo\u017cesz za\u017c\u0105da\u0107 otrzymania wyeksportowanego pliku z danymi osobowymi, kt\u00f3re posiadamy na Tw\u00f3j temat, w tym wszelkich danych, kt\u00f3re nam przekaza\u0142e\u015b. Mo\u017cesz r\u00f3wnie\u017c za\u017c\u0105da\u0107 usuni\u0119cia wszelkich danych osobowych, kt\u00f3re posiadamy na Tw\u00f3j temat. Nie obejmuje to danych, kt\u00f3re jeste\u015bmy zobowi\u0105zani przechowywa\u0107 dla cel\u00f3w administracyjnych, prawnych lub bezpiecze\u0144stwa.<\/p>\n\n\n\n<h2 class=\"wp-block-heading\">Gdzie wysy\u0142amy Twoje dane<\/h2>\n\n\n\n<p>Komentarze odwiedzaj\u0105cych mog\u0105 by\u0107 weryfikowane przez automatyczn\u0105 us\u0142ug\u0119 wykrywania spamu. <\/p>\n\n\n\n<h2 class=\"wp-block-heading\">Informacje kontaktowe<\/h2>\n\n\n\n<h4 class=\"wp-block-heading\">Direcci\u00f3n: Edificio el Cine, Calle Rafael Alberti, s\/n, 29670 San Pedro Alc\u00e1ntara, M\u00e1laga<\/h4>\n\n\n\n<h4 class=\"wp-block-heading\"><a href=\"https:\/\/wa.me\/34639650639%20\" target=\"_blank\" rel=\"noreferrer noopener\">639 650 639<\/a><\/h4>\n\n\n\n<h4 class=\"wp-block-heading\"><a href=\"mailto:info@marbellafamily.es\" target=\"_blank\" rel=\"noreferrer noopener\">info@marbellafamily.es<\/a><\/h4>\n","protected":false},"excerpt":{"rendered":"<p>Kim jeste\u015bmy Adres naszej strony internetowej to: https:\/\/marbellafamily.es. Jakie dane osobowe gromadzimy i dlaczego je gromadzimy Uwagi Kiedy odwiedzaj\u0105cy zostawiaj\u0105 komentarze na stronie, zbieramy dane wy\u015bwietlane w formularzu komentarza, a tak\u017ce adres IP odwiedzaj\u0105cego i ci\u0105g agenta u\u017cytkownika przegl\u0105darki, aby u\u0142atwi\u0107 wykrywanie spamu. Us\u0142uga Gravatar mo\u017ce otrzyma\u0107 anonimowy ci\u0105g utworzony z Twojego adresu e-mail (zwany&hellip;<\/p>\n","protected":false},"author":1,"featured_media":0,"parent":0,"menu_order":0,"comment_status":"closed","ping_status":"open","template":"","meta":{"footnotes":""},"class_list":["post-4782","page","type-page","status-publish","hentry"],"yoast_head":"<!-- This site is optimized with the Yoast SEO plugin v27.4 - https:\/\/yoast.com\/product\/yoast-seo-wordpress\/ -->\n<title>Polityka prywatno\u015bci - Marbella Family | Personal Family Supporter<\/title>\n<meta name=\"robots\" content=\"index, follow, max-snippet:-1, max-image-preview:large, max-video-preview:-1\" \/>\n<link rel=\"canonical\" href=\"https:\/\/marbellafamily.es\/pl\/privacy-policy\/\" \/>\n<meta property=\"og:locale\" content=\"pl_PL\" \/>\n<meta property=\"og:type\" content=\"article\" \/>\n<meta property=\"og:title\" content=\"Polityka prywatno\u015bci - Marbella Family | Personal Family Supporter\" \/>\n<meta property=\"og:description\" content=\"Kim jeste\u015bmy Adres naszej strony internetowej to: https:\/\/marbellafamily.es. Jakie dane osobowe gromadzimy i dlaczego je gromadzimy Uwagi Kiedy odwiedzaj\u0105cy zostawiaj\u0105 komentarze na stronie, zbieramy dane wy\u015bwietlane w formularzu komentarza, a tak\u017ce adres IP odwiedzaj\u0105cego i ci\u0105g agenta u\u017cytkownika przegl\u0105darki, aby u\u0142atwi\u0107 wykrywanie spamu. Us\u0142uga Gravatar mo\u017ce otrzyma\u0107 anonimowy ci\u0105g utworzony z Twojego adresu e-mail (zwany&hellip;\" \/>\n<meta property=\"og:url\" content=\"https:\/\/marbellafamily.es\/pl\/privacy-policy\/\" \/>\n<meta property=\"og:site_name\" content=\"Marbella Family | Personal Family Supporter\" \/>\n<meta property=\"article:publisher\" content=\"https:\/\/www.facebook.com\/MarbellaandFamily?_rdc=1&amp;_rdr#\" \/>\n<meta property=\"article:modified_time\" content=\"2022-11-29T21:22:07+00:00\" \/>\n<meta property=\"og:image\" content=\"https:\/\/marbellafamily.es\/wp-content\/uploads\/2021\/01\/logo_marbella_family_new.png\" \/>\n\t<meta property=\"og:image:width\" content=\"126\" \/>\n\t<meta property=\"og:image:height\" content=\"81\" \/>\n\t<meta property=\"og:image:type\" content=\"image\/png\" \/>\n<meta name=\"twitter:card\" content=\"summary_large_image\" \/>\n<meta name=\"twitter:label1\" content=\"Szacowany czas czytania\" \/>\n\t<meta name=\"twitter:data1\" content=\"3 minuty\" \/>\n<script type=\"application\/ld+json\" class=\"yoast-schema-graph\">{\"@context\":\"https:\\\/\\\/schema.org\",\"@graph\":[{\"@type\":\"WebPage\",\"@id\":\"https:\\\/\\\/marbellafamily.es\\\/pl\\\/privacy-policy\\\/\",\"url\":\"https:\\\/\\\/marbellafamily.es\\\/pl\\\/privacy-policy\\\/\",\"name\":\"Polityka prywatno\u015bci - Marbella Family | Personal Family Supporter\",\"isPartOf\":{\"@id\":\"https:\\\/\\\/marbellafamily.es\\\/#website\"},\"datePublished\":\"2020-12-15T13:50:25+00:00\",\"dateModified\":\"2022-11-29T21:22:07+00:00\",\"breadcrumb\":{\"@id\":\"https:\\\/\\\/marbellafamily.es\\\/pl\\\/privacy-policy\\\/#breadcrumb\"},\"inLanguage\":\"pl-PL\",\"potentialAction\":[{\"@type\":\"ReadAction\",\"target\":[\"https:\\\/\\\/marbellafamily.es\\\/pl\\\/privacy-policy\\\/\"]}]},{\"@type\":\"BreadcrumbList\",\"@id\":\"https:\\\/\\\/marbellafamily.es\\\/pl\\\/privacy-policy\\\/#breadcrumb\",\"itemListElement\":[{\"@type\":\"ListItem\",\"position\":1,\"name\":\"Portada\",\"item\":\"https:\\\/\\\/marbellafamily.es\\\/pl\\\/dom\\\/\"},{\"@type\":\"ListItem\",\"position\":2,\"name\":\"Polityka prywatno\u015bci\"}]},{\"@type\":\"WebSite\",\"@id\":\"https:\\\/\\\/marbellafamily.es\\\/#website\",\"url\":\"https:\\\/\\\/marbellafamily.es\\\/\",\"name\":\"Marbella Family | Personal Family Supporter\",\"description\":\"Servicio dom\u00e9stico para familias\",\"publisher\":{\"@id\":\"https:\\\/\\\/marbellafamily.es\\\/#organization\"},\"potentialAction\":[{\"@type\":\"SearchAction\",\"target\":{\"@type\":\"EntryPoint\",\"urlTemplate\":\"https:\\\/\\\/marbellafamily.es\\\/?s={search_term_string}\"},\"query-input\":{\"@type\":\"PropertyValueSpecification\",\"valueRequired\":true,\"valueName\":\"search_term_string\"}}],\"inLanguage\":\"pl-PL\"},{\"@type\":\"Organization\",\"@id\":\"https:\\\/\\\/marbellafamily.es\\\/#organization\",\"name\":\"Marbella Family\",\"url\":\"https:\\\/\\\/marbellafamily.es\\\/\",\"logo\":{\"@type\":\"ImageObject\",\"inLanguage\":\"pl-PL\",\"@id\":\"https:\\\/\\\/marbellafamily.es\\\/#\\\/schema\\\/logo\\\/image\\\/\",\"url\":\"https:\\\/\\\/marbellafamily.es\\\/wp-content\\\/uploads\\\/2021\\\/01\\\/logo_marbella_family_new.png\",\"contentUrl\":\"https:\\\/\\\/marbellafamily.es\\\/wp-content\\\/uploads\\\/2021\\\/01\\\/logo_marbella_family_new.png\",\"width\":126,\"height\":81,\"caption\":\"Marbella Family\"},\"image\":{\"@id\":\"https:\\\/\\\/marbellafamily.es\\\/#\\\/schema\\\/logo\\\/image\\\/\"},\"sameAs\":[\"https:\\\/\\\/www.facebook.com\\\/MarbellaandFamily?_rdc=1&_rdr#\",\"https:\\\/\\\/www.instagram.com\\\/marbellaandfamily\\\/\"]}]}<\/script>\n<!-- \/ Yoast SEO plugin. -->","yoast_head_json":{"title":"Polityka prywatno\u015bci - Marbella Family | Personal Family Supporter","robots":{"index":"index","follow":"follow","max-snippet":"max-snippet:-1","max-image-preview":"max-image-preview:large","max-video-preview":"max-video-preview:-1"},"canonical":"https:\/\/marbellafamily.es\/pl\/privacy-policy\/","og_locale":"pl_PL","og_type":"article","og_title":"Polityka prywatno\u015bci - Marbella Family | Personal Family Supporter","og_description":"Kim jeste\u015bmy Adres naszej strony internetowej to: https:\/\/marbellafamily.es. Jakie dane osobowe gromadzimy i dlaczego je gromadzimy Uwagi Kiedy odwiedzaj\u0105cy zostawiaj\u0105 komentarze na stronie, zbieramy dane wy\u015bwietlane w formularzu komentarza, a tak\u017ce adres IP odwiedzaj\u0105cego i ci\u0105g agenta u\u017cytkownika przegl\u0105darki, aby u\u0142atwi\u0107 wykrywanie spamu. Us\u0142uga Gravatar mo\u017ce otrzyma\u0107 anonimowy ci\u0105g utworzony z Twojego adresu e-mail (zwany&hellip;","og_url":"https:\/\/marbellafamily.es\/pl\/privacy-policy\/","og_site_name":"Marbella Family | Personal Family Supporter","article_publisher":"https:\/\/www.facebook.com\/MarbellaandFamily?_rdc=1&_rdr#","article_modified_time":"2022-11-29T21:22:07+00:00","og_image":[{"width":126,"height":81,"url":"https:\/\/marbellafamily.es\/wp-content\/uploads\/2021\/01\/logo_marbella_family_new.png","type":"image\/png"}],"twitter_card":"summary_large_image","twitter_misc":{"Szacowany czas czytania":"3 minuty"},"schema":{"@context":"https:\/\/schema.org","@graph":[{"@type":"WebPage","@id":"https:\/\/marbellafamily.es\/pl\/privacy-policy\/","url":"https:\/\/marbellafamily.es\/pl\/privacy-policy\/","name":"Polityka prywatno\u015bci - Marbella Family | Personal Family Supporter","isPartOf":{"@id":"https:\/\/marbellafamily.es\/#website"},"datePublished":"2020-12-15T13:50:25+00:00","dateModified":"2022-11-29T21:22:07+00:00","breadcrumb":{"@id":"https:\/\/marbellafamily.es\/pl\/privacy-policy\/#breadcrumb"},"inLanguage":"pl-PL","potentialAction":[{"@type":"ReadAction","target":["https:\/\/marbellafamily.es\/pl\/privacy-policy\/"]}]},{"@type":"BreadcrumbList","@id":"https:\/\/marbellafamily.es\/pl\/privacy-policy\/#breadcrumb","itemListElement":[{"@type":"ListItem","position":1,"name":"Portada","item":"https:\/\/marbellafamily.es\/pl\/dom\/"},{"@type":"ListItem","position":2,"name":"Polityka prywatno\u015bci"}]},{"@type":"WebSite","@id":"https:\/\/marbellafamily.es\/#website","url":"https:\/\/marbellafamily.es\/","name":"Marbella Family | Personal Family Supporter","description":"Servicio dom\u00e9stico para familias","publisher":{"@id":"https:\/\/marbellafamily.es\/#organization"},"potentialAction":[{"@type":"SearchAction","target":{"@type":"EntryPoint","urlTemplate":"https:\/\/marbellafamily.es\/?s={search_term_string}"},"query-input":{"@type":"PropertyValueSpecification","valueRequired":true,"valueName":"search_term_string"}}],"inLanguage":"pl-PL"},{"@type":"Organization","@id":"https:\/\/marbellafamily.es\/#organization","name":"Marbella Family","url":"https:\/\/marbellafamily.es\/","logo":{"@type":"ImageObject","inLanguage":"pl-PL","@id":"https:\/\/marbellafamily.es\/#\/schema\/logo\/image\/","url":"https:\/\/marbellafamily.es\/wp-content\/uploads\/2021\/01\/logo_marbella_family_new.png","contentUrl":"https:\/\/marbellafamily.es\/wp-content\/uploads\/2021\/01\/logo_marbella_family_new.png","width":126,"height":81,"caption":"Marbella Family"},"image":{"@id":"https:\/\/marbellafamily.es\/#\/schema\/logo\/image\/"},"sameAs":["https:\/\/www.facebook.com\/MarbellaandFamily?_rdc=1&_rdr#","https:\/\/www.instagram.com\/marbellaandfamily\/"]}]}},"_links":{"self":[{"href":"https:\/\/marbellafamily.es\/pl\/wp-json\/wp\/v2\/pages\/4782","targetHints":{"allow":["GET"]}}],"collection":[{"href":"https:\/\/marbellafamily.es\/pl\/wp-json\/wp\/v2\/pages"}],"about":[{"href":"https:\/\/marbellafamily.es\/pl\/wp-json\/wp\/v2\/types\/page"}],"author":[{"embeddable":true,"href":"https:\/\/marbellafamily.es\/pl\/wp-json\/wp\/v2\/users\/1"}],"replies":[{"embeddable":true,"href":"https:\/\/marbellafamily.es\/pl\/wp-json\/wp\/v2\/comments?post=4782"}],"version-history":[{"count":1,"href":"https:\/\/marbellafamily.es\/pl\/wp-json\/wp\/v2\/pages\/4782\/revisions"}],"predecessor-version":[{"id":4984,"href":"https:\/\/marbellafamily.es\/pl\/wp-json\/wp\/v2\/pages\/4782\/revisions\/4984"}],"wp:attachment":[{"href":"https:\/\/marbellafamily.es\/pl\/wp-json\/wp\/v2\/media?parent=4782"}],"curies":[{"name":"wp","href":"https:\/\/api.w.org\/{rel}","templated":true}]}}