{"id":5232,"date":"2023-01-18T19:45:15","date_gmt":"2023-01-18T19:45:15","guid":{"rendered":"https:\/\/marbellafamily.es\/?page_id=5232"},"modified":"2023-02-01T13:57:19","modified_gmt":"2023-02-01T13:57:19","slug":"profesjonalne-uslugi","status":"publish","type":"page","link":"https:\/\/marbellafamily.es\/pl\/profesjonalne-uslugi\/","title":{"rendered":"Profesjonalne Us\u0142ugi"},"content":{"rendered":"\t\t<div data-elementor-type=\"wp-page\" data-elementor-id=\"5232\" class=\"elementor elementor-5232 elementor-5229\" data-elementor-post-type=\"page\">\n\t\t\t\t\t\t<section class=\"elementor-section elementor-top-section elementor-element elementor-element-9237b6d elementor-section-boxed elementor-section-height-default elementor-section-height-default\" data-id=\"9237b6d\" data-element_type=\"section\" data-e-type=\"section\">\n\t\t\t\t\t\t<div class=\"elementor-container elementor-column-gap-default\">\n\t\t\t\t\t<div class=\"elementor-column elementor-col-100 elementor-top-column elementor-element elementor-element-ff2e42b\" data-id=\"ff2e42b\" data-element_type=\"column\" data-e-type=\"column\">\n\t\t\t<div class=\"elementor-widget-wrap elementor-element-populated\">\n\t\t\t\t\t\t<section class=\"elementor-section elementor-inner-section elementor-element elementor-element-da6b496 elementor-section-boxed elementor-section-height-default elementor-section-height-default\" data-id=\"da6b496\" data-element_type=\"section\" data-e-type=\"section\">\n\t\t\t\t\t\t<div class=\"elementor-container elementor-column-gap-default\">\n\t\t\t\t\t<div class=\"elementor-column elementor-col-50 elementor-inner-column elementor-element elementor-element-0c2c3c5\" data-id=\"0c2c3c5\" data-element_type=\"column\" data-e-type=\"column\">\n\t\t\t<div class=\"elementor-widget-wrap elementor-element-populated\">\n\t\t\t\t\t\t<div class=\"elementor-element elementor-element-13871dd elementor-widget elementor-widget-image\" data-id=\"13871dd\" data-element_type=\"widget\" data-e-type=\"widget\" data-widget_type=\"image.default\">\n\t\t\t\t<div class=\"elementor-widget-container\">\n\t\t\t\t\t\t\t\t\t\t\t\t\t\t\t<img fetchpriority=\"high\" decoding=\"async\" width=\"800\" height=\"600\" src=\"https:\/\/marbellafamily.es\/wp-content\/uploads\/2022\/12\/Servicio-domestico.png\" class=\"attachment-large size-large wp-image-5096\" alt=\"Servicio Dom\u00e9stico\" srcset=\"https:\/\/marbellafamily.es\/wp-content\/uploads\/2022\/12\/Servicio-domestico.png 800w, https:\/\/marbellafamily.es\/wp-content\/uploads\/2022\/12\/Servicio-domestico-300x225.png 300w, https:\/\/marbellafamily.es\/wp-content\/uploads\/2022\/12\/Servicio-domestico-768x576.png 768w, https:\/\/marbellafamily.es\/wp-content\/uploads\/2022\/12\/Servicio-domestico-160x120.png 160w\" sizes=\"(max-width: 800px) 100vw, 800px\" \/>\t\t\t\t\t\t\t\t\t\t\t\t\t\t\t<\/div>\n\t\t\t\t<\/div>\n\t\t\t\t\t<\/div>\n\t\t<\/div>\n\t\t\t\t<div class=\"elementor-column elementor-col-50 elementor-inner-column elementor-element elementor-element-de04301\" data-id=\"de04301\" data-element_type=\"column\" data-e-type=\"column\">\n\t\t\t<div class=\"elementor-widget-wrap elementor-element-populated\">\n\t\t\t\t\t\t<div class=\"elementor-element elementor-element-d5eeb00 elementor-widget elementor-widget-heading\" data-id=\"d5eeb00\" data-element_type=\"widget\" data-e-type=\"widget\" data-widget_type=\"heading.default\">\n\t\t\t\t<div class=\"elementor-widget-container\">\n\t\t\t\t\t<h2 class=\"elementor-heading-title elementor-size-default\">Profesjonalne Us\u0142ugi\n<\/h2>\t\t\t\t<\/div>\n\t\t\t\t<\/div>\n\t\t\t\t<div class=\"elementor-element elementor-element-1e19680 elementor-widget elementor-widget-text-editor\" data-id=\"1e19680\" data-element_type=\"widget\" data-e-type=\"widget\" data-widget_type=\"text-editor.default\">\n\t\t\t\t<div class=\"elementor-widget-container\">\n\t\t\t\t\t\t\t\t\t<p>Ka\u017cda rodzina jest inna i ma inne potrzeby, preferencje i obawy; z do\u015bwiadczenia wiemy, \u017ce s\u0105 rodziny, kt\u00f3re potrzebuj\u0105 wsparcia personelu domowego ze znajomo\u015bci\u0105 konkretnej kuchni (wega\u0144skiej, mi\u0119dzynarodowej itp.), lub szkolenia w zakresie specjalnej opieki nad dzie\u0107mi, lub opanowania \u017celazka.<\/p><p>Dlatego oferujemy us\u0142ugi szkoleniowe dostosowane do potrzeb, gdzie r\u00f3\u017cni specjali\u015bci (szef kuchni, piel\u0119gniarki, profesjonalny organizator i Personal Home Shopper) spotykaj\u0105 si\u0119, aby wyszkoli\u0107 personel domowy w wymaganych obszarach, czy to jeden w szczeg\u00f3lno\u015bci (nauka kuchni orientalnej) lub kilka (nauka gotowania, jak r\u00f3wnie\u017c prasowania, podawania do sto\u0142u&#8230;), uzyskuj\u0105c odpowiedni personel dla swojej rodziny osobi\u015bcie przeszkolony, aby wykonywa\u0107 swoj\u0105 prac\u0119 tak, jak wymaga tego rodzina.<\/p>\t\t\t\t\t\t\t\t<\/div>\n\t\t\t\t<\/div>\n\t\t\t\t\t<\/div>\n\t\t<\/div>\n\t\t\t\t\t<\/div>\n\t\t<\/section>\n\t\t\t\t<div class=\"elementor-element elementor-element-bab453a elementor-widget elementor-widget-text-editor\" data-id=\"bab453a\" data-element_type=\"widget\" data-e-type=\"widget\" data-widget_type=\"text-editor.default\">\n\t\t\t\t<div class=\"elementor-widget-container\">\n\t\t\t\t\t\t\t\t\t<p>Ka\u017cdy warsztat lub kurs mo\u017ce by\u0107 prowadzony zar\u00f3wno w domu rodziny, jak i w naszych przestrzeniach, dla jednego profesjonalisty lub dla kilku, poniewa\u017c jest opracowywany zgodnie z preferencjami ka\u017cdej rodziny.<\/p><p><strong>Szkolenie, Zaanga\u017cowanie i Profesjonalizm to minimum, kt\u00f3re musi zaoferowa\u0107 osoba, kt\u00f3r\u0105 w\u0142\u0105czasz do najwa\u017cniejszej dla Ciebie, w Twojej<\/strong> <strong>rodzinie, w Twoim domu sprawy.<\/strong><\/p>\t\t\t\t\t\t\t\t<\/div>\n\t\t\t\t<\/div>\n\t\t\t\t<div class=\"elementor-element elementor-element-2f627e4 elementor-align-center elementor-widget elementor-widget-button\" data-id=\"2f627e4\" data-element_type=\"widget\" data-e-type=\"widget\" data-widget_type=\"button.default\">\n\t\t\t\t<div class=\"elementor-widget-container\">\n\t\t\t\t\t\t\t\t\t<div class=\"elementor-button-wrapper\">\n\t\t\t\t\t<a class=\"elementor-button elementor-button-link elementor-size-sm\" href=\"https:\/\/marbellafamily.es\/pl\/kontakt\/\" target=\"_blank\">\n\t\t\t\t\t\t<span class=\"elementor-button-content-wrapper\">\n\t\t\t\t\t\t\t\t\t<span class=\"elementor-button-text\"> \u017b\u0105danie<\/span>\n\t\t\t\t\t<\/span>\n\t\t\t\t\t<\/a>\n\t\t\t\t<\/div>\n\t\t\t\t\t\t\t\t<\/div>\n\t\t\t\t<\/div>\n\t\t\t\t<div class=\"elementor-element elementor-element-3251aa5 elementor-widget-divider--view-line elementor-widget elementor-widget-divider\" data-id=\"3251aa5\" data-element_type=\"widget\" data-e-type=\"widget\" data-widget_type=\"divider.default\">\n\t\t\t\t<div class=\"elementor-widget-container\">\n\t\t\t\t\t\t\t<div class=\"elementor-divider\">\n\t\t\t<span class=\"elementor-divider-separator\">\n\t\t\t\t\t\t<\/span>\n\t\t<\/div>\n\t\t\t\t\t\t<\/div>\n\t\t\t\t<\/div>\n\t\t\t\t\t<\/div>\n\t\t<\/div>\n\t\t\t\t\t<\/div>\n\t\t<\/section>\n\t\t\t\t<section class=\"elementor-section elementor-top-section elementor-element elementor-element-ba6b5d5 elementor-section-boxed elementor-section-height-default elementor-section-height-default\" data-id=\"ba6b5d5\" data-element_type=\"section\" data-e-type=\"section\">\n\t\t\t\t\t\t<div class=\"elementor-container elementor-column-gap-default\">\n\t\t\t\t\t<div class=\"elementor-column elementor-col-100 elementor-top-column elementor-element elementor-element-bb54059\" data-id=\"bb54059\" data-element_type=\"column\" data-e-type=\"column\">\n\t\t\t<div class=\"elementor-widget-wrap elementor-element-populated\">\n\t\t\t\t\t\t<div class=\"elementor-element elementor-element-e5c9a9c elementor-widget elementor-widget-heading\" data-id=\"e5c9a9c\" data-element_type=\"widget\" data-e-type=\"widget\" data-widget_type=\"heading.default\">\n\t\t\t\t<div class=\"elementor-widget-container\">\n\t\t\t\t\t<h2 class=\"elementor-heading-title elementor-size-default\">Ceni\u0107<\/h2>\t\t\t\t<\/div>\n\t\t\t\t<\/div>\n\t\t\t\t\t<\/div>\n\t\t<\/div>\n\t\t\t\t\t<\/div>\n\t\t<\/section>\n\t\t\t\t<section class=\"elementor-section elementor-top-section elementor-element elementor-element-5b04f15 elementor-section-boxed elementor-section-height-default elementor-section-height-default\" data-id=\"5b04f15\" data-element_type=\"section\" data-e-type=\"section\">\n\t\t\t\t\t\t<div class=\"elementor-container elementor-column-gap-default\">\n\t\t\t\t\t<div class=\"elementor-column elementor-col-33 elementor-top-column elementor-element elementor-element-e300fdb\" data-id=\"e300fdb\" data-element_type=\"column\" data-e-type=\"column\">\n\t\t\t<div class=\"elementor-widget-wrap\">\n\t\t\t\t\t\t\t<\/div>\n\t\t<\/div>\n\t\t\t\t<div class=\"elementor-column elementor-col-33 elementor-top-column elementor-element elementor-element-02baea1\" data-id=\"02baea1\" data-element_type=\"column\" data-e-type=\"column\">\n\t\t\t<div class=\"elementor-widget-wrap elementor-element-populated\">\n\t\t\t\t\t\t<div class=\"elementor-element elementor-element-ec84de6 elementor-widget elementor-widget-price-table\" data-id=\"ec84de6\" data-element_type=\"widget\" data-e-type=\"widget\" data-widget_type=\"price-table.default\">\n\t\t\t\t<div class=\"elementor-widget-container\">\n\t\t\t\t\t\n\t\t<div class=\"elementor-price-table\">\n\t\t\t\t\t\t\t<div class=\"elementor-price-table__header\">\n\t\t\t\t\t\t\t\t\t\t\t<h3 class=\"elementor-price-table__heading\">\n\t\t\t\t\t\tCennik dla personelu domowego\t\t\t\t\t\t<\/h3>\n\t\t\t\t\t\n\t\t\t\t\t\t\t\t\t<\/div>\n\t\t\t\n\t\t\t<div class=\"elementor-price-table__price\">\n\t\t\t\t\t\t\t\t\t\t\t\t\t\t\t\t\t<span class=\"elementor-price-table__integer-part\">\n\t\t\t\t\t\tOdnie\u015b\u0107 sukces\t\t\t\t\t<\/span>\n\t\t\t\t\n\t\t\t\t\n\t\t\t\t\n\t\t\t\t\t\t\t<\/div>\n\n\t\t\t\t\t\t\t<ul class=\"elementor-price-table__features-list\">\n\t\t\t\t\t\t\t\t\t\t\t<li class=\"elementor-repeater-item-360af87\">\n\t\t\t\t\t\t\t<div class=\"elementor-price-table__feature-inner\">\n\t\t\t\t\t\t\t\t<i aria-hidden=\"true\" class=\"far fa-check-circle\"><\/i>\t\t\t\t\t\t\t\t\t\t\t\t\t\t\t\t\t<span >\n\t\t\t\t\t\t\t\t\t\tRycza\u0142t\t\t\t\t\t\t\t\t\t<\/span>\n\t\t\t\t\t\t\t\t\t\t\t\t\t\t\t\t<\/div>\n\t\t\t\t\t\t<\/li>\n\t\t\t\t\t\t\t\t\t\t\t<li class=\"elementor-repeater-item-bac5468\">\n\t\t\t\t\t\t\t<div class=\"elementor-price-table__feature-inner\">\n\t\t\t\t\t\t\t\t<i aria-hidden=\"true\" class=\"far fa-check-circle\"><\/i>\t\t\t\t\t\t\t\t\t\t\t\t\t\t\t\t\t<span >\n\t\t\t\t\t\t\t\t\t\tOdpowiada miesi\u0119cznemu wynagrodzeniu personelu kontraktowego\t\t\t\t\t\t\t\t\t<\/span>\n\t\t\t\t\t\t\t\t\t\t\t\t\t\t\t\t<\/div>\n\t\t\t\t\t\t<\/li>\n\t\t\t\t\t\t\t\t\t\t\t<li class=\"elementor-repeater-item-cb3b646\">\n\t\t\t\t\t\t\t<div class=\"elementor-price-table__feature-inner\">\n\t\t\t\t\t\t\t\t<i aria-hidden=\"true\" class=\"far fa-check-circle\"><\/i>\t\t\t\t\t\t\t\t\t\t\t\t\t\t\t\t\t<span >\n\t\t\t\t\t\t\t\t\t\tGwarancja 3 wymian w ci\u0105gu pierwszych 3 miesi\u0119cy w przypadku niezadowolenia z profesjonalizmu personelu\t\t\t\t\t\t\t\t\t<\/span>\n\t\t\t\t\t\t\t\t\t\t\t\t\t\t\t\t<\/div>\n\t\t\t\t\t\t<\/li>\n\t\t\t\t\t\t\t\t\t<\/ul>\n\t\t\t\n\t\t\t\t\t\t\t<div class=\"elementor-price-table__footer\">\n\t\t\t\t\t\t\t\t\t\t\t<a class=\"elementor-price-table__button elementor-button elementor-size-md\" href=\"https:\/\/marbellafamily.es\/pl\/kontakt\/\">\n\t\t\t\t\t\t\t \u017b\u0105danie\t\t\t\t\t\t<\/a>\n\t\t\t\t\t\n\t\t\t\t\t\t\t\t\t<\/div>\n\t\t\t\t\t<\/div>\n\n\t\t\t\t\t\t<\/div>\n\t\t\t\t<\/div>\n\t\t\t\t\t<\/div>\n\t\t<\/div>\n\t\t\t\t<div class=\"elementor-column elementor-col-33 elementor-top-column elementor-element elementor-element-dcbcc45\" data-id=\"dcbcc45\" data-element_type=\"column\" data-e-type=\"column\">\n\t\t\t<div class=\"elementor-widget-wrap\">\n\t\t\t\t\t\t\t<\/div>\n\t\t<\/div>\n\t\t\t\t\t<\/div>\n\t\t<\/section>\n\t\t\t\t<\/div>\n\t\t","protected":false},"excerpt":{"rendered":"<p>Profesjonalne Us\u0142ugi Ka\u017cda rodzina jest inna i ma inne potrzeby, preferencje i obawy; z do\u015bwiadczenia wiemy, \u017ce s\u0105 rodziny, kt\u00f3re potrzebuj\u0105 wsparcia personelu domowego ze znajomo\u015bci\u0105 konkretnej kuchni (wega\u0144skiej, mi\u0119dzynarodowej itp.), lub szkolenia w zakresie specjalnej opieki nad dzie\u0107mi, lub opanowania \u017celazka. Dlatego oferujemy us\u0142ugi szkoleniowe dostosowane do potrzeb, gdzie r\u00f3\u017cni specjali\u015bci (szef kuchni, piel\u0119gniarki,&hellip;<\/p>\n","protected":false},"author":2,"featured_media":5096,"parent":0,"menu_order":0,"comment_status":"closed","ping_status":"closed","template":"elementor_header_footer","meta":{"footnotes":""},"class_list":["post-5232","page","type-page","status-publish","has-post-thumbnail","hentry"],"yoast_head":"<!-- This site is optimized with the Yoast SEO plugin v27.4 - https:\/\/yoast.com\/product\/yoast-seo-wordpress\/ -->\n<title>Profesjonalne Us\u0142ugi - Marbella Family | Personal Family Supporter<\/title>\n<meta name=\"robots\" content=\"index, follow, max-snippet:-1, max-image-preview:large, max-video-preview:-1\" \/>\n<link rel=\"canonical\" href=\"https:\/\/marbellafamily.es\/pl\/profesjonalne-uslugi\/\" \/>\n<meta property=\"og:locale\" content=\"pl_PL\" \/>\n<meta property=\"og:type\" content=\"article\" \/>\n<meta property=\"og:title\" content=\"Profesjonalne Us\u0142ugi - Marbella Family | Personal Family Supporter\" \/>\n<meta property=\"og:description\" content=\"Profesjonalne Us\u0142ugi Ka\u017cda rodzina jest inna i ma inne potrzeby, preferencje i obawy; z do\u015bwiadczenia wiemy, \u017ce s\u0105 rodziny, kt\u00f3re potrzebuj\u0105 wsparcia personelu domowego ze znajomo\u015bci\u0105 konkretnej kuchni (wega\u0144skiej, mi\u0119dzynarodowej itp.), lub szkolenia w zakresie specjalnej opieki nad dzie\u0107mi, lub opanowania \u017celazka. Dlatego oferujemy us\u0142ugi szkoleniowe dostosowane do potrzeb, gdzie r\u00f3\u017cni specjali\u015bci (szef kuchni, piel\u0119gniarki,&hellip;\" \/>\n<meta property=\"og:url\" content=\"https:\/\/marbellafamily.es\/pl\/profesjonalne-uslugi\/\" \/>\n<meta property=\"og:site_name\" content=\"Marbella Family | Personal Family Supporter\" \/>\n<meta property=\"article:publisher\" content=\"https:\/\/www.facebook.com\/MarbellaandFamily?_rdc=1&amp;_rdr#\" \/>\n<meta property=\"article:modified_time\" content=\"2023-02-01T13:57:19+00:00\" \/>\n<meta property=\"og:image\" content=\"https:\/\/marbellafamily.es\/wp-content\/uploads\/2022\/12\/Servicio-domestico.png\" \/>\n\t<meta property=\"og:image:width\" content=\"800\" \/>\n\t<meta property=\"og:image:height\" content=\"600\" \/>\n\t<meta property=\"og:image:type\" content=\"image\/png\" \/>\n<meta name=\"twitter:card\" content=\"summary_large_image\" \/>\n<meta name=\"twitter:label1\" content=\"Szacowany czas czytania\" \/>\n\t<meta name=\"twitter:data1\" content=\"6 minut\" \/>\n<script type=\"application\/ld+json\" class=\"yoast-schema-graph\">{\"@context\":\"https:\\\/\\\/schema.org\",\"@graph\":[{\"@type\":\"WebPage\",\"@id\":\"https:\\\/\\\/marbellafamily.es\\\/pl\\\/profesjonalne-uslugi\\\/\",\"url\":\"https:\\\/\\\/marbellafamily.es\\\/pl\\\/profesjonalne-uslugi\\\/\",\"name\":\"Profesjonalne Us\u0142ugi - Marbella Family | Personal Family Supporter\",\"isPartOf\":{\"@id\":\"https:\\\/\\\/marbellafamily.es\\\/#website\"},\"primaryImageOfPage\":{\"@id\":\"https:\\\/\\\/marbellafamily.es\\\/pl\\\/profesjonalne-uslugi\\\/#primaryimage\"},\"image\":{\"@id\":\"https:\\\/\\\/marbellafamily.es\\\/pl\\\/profesjonalne-uslugi\\\/#primaryimage\"},\"thumbnailUrl\":\"https:\\\/\\\/marbellafamily.es\\\/wp-content\\\/uploads\\\/2022\\\/12\\\/Servicio-domestico.png\",\"datePublished\":\"2023-01-18T19:45:15+00:00\",\"dateModified\":\"2023-02-01T13:57:19+00:00\",\"breadcrumb\":{\"@id\":\"https:\\\/\\\/marbellafamily.es\\\/pl\\\/profesjonalne-uslugi\\\/#breadcrumb\"},\"inLanguage\":\"pl-PL\",\"potentialAction\":[{\"@type\":\"ReadAction\",\"target\":[\"https:\\\/\\\/marbellafamily.es\\\/pl\\\/profesjonalne-uslugi\\\/\"]}]},{\"@type\":\"ImageObject\",\"inLanguage\":\"pl-PL\",\"@id\":\"https:\\\/\\\/marbellafamily.es\\\/pl\\\/profesjonalne-uslugi\\\/#primaryimage\",\"url\":\"https:\\\/\\\/marbellafamily.es\\\/wp-content\\\/uploads\\\/2022\\\/12\\\/Servicio-domestico.png\",\"contentUrl\":\"https:\\\/\\\/marbellafamily.es\\\/wp-content\\\/uploads\\\/2022\\\/12\\\/Servicio-domestico.png\",\"width\":800,\"height\":600,\"caption\":\"Servicio Dom\u00e9stico\"},{\"@type\":\"BreadcrumbList\",\"@id\":\"https:\\\/\\\/marbellafamily.es\\\/pl\\\/profesjonalne-uslugi\\\/#breadcrumb\",\"itemListElement\":[{\"@type\":\"ListItem\",\"position\":1,\"name\":\"Portada\",\"item\":\"https:\\\/\\\/marbellafamily.es\\\/pl\\\/dom\\\/\"},{\"@type\":\"ListItem\",\"position\":2,\"name\":\"Profesjonalne Us\u0142ugi\"}]},{\"@type\":\"WebSite\",\"@id\":\"https:\\\/\\\/marbellafamily.es\\\/#website\",\"url\":\"https:\\\/\\\/marbellafamily.es\\\/\",\"name\":\"Marbella Family | Personal Family Supporter\",\"description\":\"Servicio dom\u00e9stico para familias\",\"publisher\":{\"@id\":\"https:\\\/\\\/marbellafamily.es\\\/#organization\"},\"potentialAction\":[{\"@type\":\"SearchAction\",\"target\":{\"@type\":\"EntryPoint\",\"urlTemplate\":\"https:\\\/\\\/marbellafamily.es\\\/?s={search_term_string}\"},\"query-input\":{\"@type\":\"PropertyValueSpecification\",\"valueRequired\":true,\"valueName\":\"search_term_string\"}}],\"inLanguage\":\"pl-PL\"},{\"@type\":\"Organization\",\"@id\":\"https:\\\/\\\/marbellafamily.es\\\/#organization\",\"name\":\"Marbella Family\",\"url\":\"https:\\\/\\\/marbellafamily.es\\\/\",\"logo\":{\"@type\":\"ImageObject\",\"inLanguage\":\"pl-PL\",\"@id\":\"https:\\\/\\\/marbellafamily.es\\\/#\\\/schema\\\/logo\\\/image\\\/\",\"url\":\"https:\\\/\\\/marbellafamily.es\\\/wp-content\\\/uploads\\\/2021\\\/01\\\/logo_marbella_family_new.png\",\"contentUrl\":\"https:\\\/\\\/marbellafamily.es\\\/wp-content\\\/uploads\\\/2021\\\/01\\\/logo_marbella_family_new.png\",\"width\":126,\"height\":81,\"caption\":\"Marbella Family\"},\"image\":{\"@id\":\"https:\\\/\\\/marbellafamily.es\\\/#\\\/schema\\\/logo\\\/image\\\/\"},\"sameAs\":[\"https:\\\/\\\/www.facebook.com\\\/MarbellaandFamily?_rdc=1&_rdr#\",\"https:\\\/\\\/www.instagram.com\\\/marbellaandfamily\\\/\"]}]}<\/script>\n<!-- \/ Yoast SEO plugin. -->","yoast_head_json":{"title":"Profesjonalne Us\u0142ugi - Marbella Family | Personal Family Supporter","robots":{"index":"index","follow":"follow","max-snippet":"max-snippet:-1","max-image-preview":"max-image-preview:large","max-video-preview":"max-video-preview:-1"},"canonical":"https:\/\/marbellafamily.es\/pl\/profesjonalne-uslugi\/","og_locale":"pl_PL","og_type":"article","og_title":"Profesjonalne Us\u0142ugi - Marbella Family | Personal Family Supporter","og_description":"Profesjonalne Us\u0142ugi Ka\u017cda rodzina jest inna i ma inne potrzeby, preferencje i obawy; z do\u015bwiadczenia wiemy, \u017ce s\u0105 rodziny, kt\u00f3re potrzebuj\u0105 wsparcia personelu domowego ze znajomo\u015bci\u0105 konkretnej kuchni (wega\u0144skiej, mi\u0119dzynarodowej itp.), lub szkolenia w zakresie specjalnej opieki nad dzie\u0107mi, lub opanowania \u017celazka. Dlatego oferujemy us\u0142ugi szkoleniowe dostosowane do potrzeb, gdzie r\u00f3\u017cni specjali\u015bci (szef kuchni, piel\u0119gniarki,&hellip;","og_url":"https:\/\/marbellafamily.es\/pl\/profesjonalne-uslugi\/","og_site_name":"Marbella Family | Personal Family Supporter","article_publisher":"https:\/\/www.facebook.com\/MarbellaandFamily?_rdc=1&_rdr#","article_modified_time":"2023-02-01T13:57:19+00:00","og_image":[{"width":800,"height":600,"url":"https:\/\/marbellafamily.es\/wp-content\/uploads\/2022\/12\/Servicio-domestico.png","type":"image\/png"}],"twitter_card":"summary_large_image","twitter_misc":{"Szacowany czas czytania":"6 minut"},"schema":{"@context":"https:\/\/schema.org","@graph":[{"@type":"WebPage","@id":"https:\/\/marbellafamily.es\/pl\/profesjonalne-uslugi\/","url":"https:\/\/marbellafamily.es\/pl\/profesjonalne-uslugi\/","name":"Profesjonalne Us\u0142ugi - Marbella Family | Personal Family Supporter","isPartOf":{"@id":"https:\/\/marbellafamily.es\/#website"},"primaryImageOfPage":{"@id":"https:\/\/marbellafamily.es\/pl\/profesjonalne-uslugi\/#primaryimage"},"image":{"@id":"https:\/\/marbellafamily.es\/pl\/profesjonalne-uslugi\/#primaryimage"},"thumbnailUrl":"https:\/\/marbellafamily.es\/wp-content\/uploads\/2022\/12\/Servicio-domestico.png","datePublished":"2023-01-18T19:45:15+00:00","dateModified":"2023-02-01T13:57:19+00:00","breadcrumb":{"@id":"https:\/\/marbellafamily.es\/pl\/profesjonalne-uslugi\/#breadcrumb"},"inLanguage":"pl-PL","potentialAction":[{"@type":"ReadAction","target":["https:\/\/marbellafamily.es\/pl\/profesjonalne-uslugi\/"]}]},{"@type":"ImageObject","inLanguage":"pl-PL","@id":"https:\/\/marbellafamily.es\/pl\/profesjonalne-uslugi\/#primaryimage","url":"https:\/\/marbellafamily.es\/wp-content\/uploads\/2022\/12\/Servicio-domestico.png","contentUrl":"https:\/\/marbellafamily.es\/wp-content\/uploads\/2022\/12\/Servicio-domestico.png","width":800,"height":600,"caption":"Servicio Dom\u00e9stico"},{"@type":"BreadcrumbList","@id":"https:\/\/marbellafamily.es\/pl\/profesjonalne-uslugi\/#breadcrumb","itemListElement":[{"@type":"ListItem","position":1,"name":"Portada","item":"https:\/\/marbellafamily.es\/pl\/dom\/"},{"@type":"ListItem","position":2,"name":"Profesjonalne Us\u0142ugi"}]},{"@type":"WebSite","@id":"https:\/\/marbellafamily.es\/#website","url":"https:\/\/marbellafamily.es\/","name":"Marbella Family | Personal Family Supporter","description":"Servicio dom\u00e9stico para familias","publisher":{"@id":"https:\/\/marbellafamily.es\/#organization"},"potentialAction":[{"@type":"SearchAction","target":{"@type":"EntryPoint","urlTemplate":"https:\/\/marbellafamily.es\/?s={search_term_string}"},"query-input":{"@type":"PropertyValueSpecification","valueRequired":true,"valueName":"search_term_string"}}],"inLanguage":"pl-PL"},{"@type":"Organization","@id":"https:\/\/marbellafamily.es\/#organization","name":"Marbella Family","url":"https:\/\/marbellafamily.es\/","logo":{"@type":"ImageObject","inLanguage":"pl-PL","@id":"https:\/\/marbellafamily.es\/#\/schema\/logo\/image\/","url":"https:\/\/marbellafamily.es\/wp-content\/uploads\/2021\/01\/logo_marbella_family_new.png","contentUrl":"https:\/\/marbellafamily.es\/wp-content\/uploads\/2021\/01\/logo_marbella_family_new.png","width":126,"height":81,"caption":"Marbella Family"},"image":{"@id":"https:\/\/marbellafamily.es\/#\/schema\/logo\/image\/"},"sameAs":["https:\/\/www.facebook.com\/MarbellaandFamily?_rdc=1&_rdr#","https:\/\/www.instagram.com\/marbellaandfamily\/"]}]}},"_links":{"self":[{"href":"https:\/\/marbellafamily.es\/pl\/wp-json\/wp\/v2\/pages\/5232","targetHints":{"allow":["GET"]}}],"collection":[{"href":"https:\/\/marbellafamily.es\/pl\/wp-json\/wp\/v2\/pages"}],"about":[{"href":"https:\/\/marbellafamily.es\/pl\/wp-json\/wp\/v2\/types\/page"}],"author":[{"embeddable":true,"href":"https:\/\/marbellafamily.es\/pl\/wp-json\/wp\/v2\/users\/2"}],"replies":[{"embeddable":true,"href":"https:\/\/marbellafamily.es\/pl\/wp-json\/wp\/v2\/comments?post=5232"}],"version-history":[{"count":5,"href":"https:\/\/marbellafamily.es\/pl\/wp-json\/wp\/v2\/pages\/5232\/revisions"}],"predecessor-version":[{"id":5303,"href":"https:\/\/marbellafamily.es\/pl\/wp-json\/wp\/v2\/pages\/5232\/revisions\/5303"}],"wp:featuredmedia":[{"embeddable":true,"href":"https:\/\/marbellafamily.es\/pl\/wp-json\/wp\/v2\/media\/5096"}],"wp:attachment":[{"href":"https:\/\/marbellafamily.es\/pl\/wp-json\/wp\/v2\/media?parent=5232"}],"curies":[{"name":"wp","href":"https:\/\/api.w.org\/{rel}","templated":true}]}}